{"id":111,"date":"2013-07-12T22:01:57","date_gmt":"2013-07-12T22:01:57","guid":{"rendered":"http:\/\/www.faqeinternet.al\/res\/?page_id=111"},"modified":"2024-02-01T12:30:49","modified_gmt":"2024-02-01T11:30:49","slug":"partneret","status":"publish","type":"page","link":"https:\/\/www.respublica.org.al\/web\/?page_id=111","title":{"rendered":"Partner\u00ebt"},"content":{"rendered":"\n<p>Marr\u00ebveshjet e bashk\u00ebpunimit dhe rrjet\u00ebzimet n\u00eb organizata kan\u00eb disa avantazhe q\u00eb p\u00ebrb\u00ebjn\u00eb motivin dhe p\u00ebr t\u00eb cilin kemi par\u00eb rezultate. S\u00eb pari, ndikimi tek vendimarresit \u00ebsht\u00eb m\u00eb madh n\u00ebse p\u00ebrballja kryhet nga nj\u00eb grup organizatash dhe jo nga nj\u00eb e vetme; s\u00eb dyti, mb\u00ebshtetja dhe solidariteti ka efekt pozitiv si nga ana e an\u00ebtar\u00ebve t\u00eb organizat\u00ebs, ashtu edhe nga ana e publikut.<\/p>\n\n\n\n<p>Res Publica \u00ebsht\u00eb an\u00ebtare e disa rrjeteve si m\u00eb posht\u00eb:<\/p>\n\n\n\n<ol>\n<li>ENGONA \u2013 rrjeti i OSHC-ve mjedisore n\u00eb Shqip\u00ebri, q\u00eb synon t\u00eb bashkoj\u00eb OSHC-t\u00eb q\u00eb ndajn\u00eb t\u00eb nj\u00ebjtat interesa n\u00eb mbrojtjen e mjedisit;<\/li>\n\n\n\n<li>Koalicioni &#8220;Drejt\u00ebsi p\u00ebr t\u00eb gjith\u00eb&#8221;;&nbsp;&nbsp;&nbsp;&nbsp;&nbsp;&nbsp;&nbsp;&nbsp;&nbsp;&nbsp;&nbsp;&nbsp;&nbsp;&nbsp;&nbsp;&nbsp;<\/li>\n\n\n\n<li>Koalicioni &#8220;Aleanca p\u00ebr Median Etike&#8221;, me t\u00eb cilin Res Publica ka krijuar partneritet p\u00ebr \u00e7\u00ebshtjet ligjore q\u00eb kan\u00eb t\u00eb b\u00ebjn\u00eb me etik\u00ebn n\u00eb media. N\u00eb bashk\u00ebpunim me k\u00ebt\u00eb partneritet \u00ebsht\u00eb advokuar fuqish\u00ebm kund\u00ebrshtimi i &#8220;Paket\u00ebs Anti Shpifje&#8221;;<\/li>\n\n\n\n<li>Rrjeti &#8220;Lawyers for Rivers Network&#8221;, n\u00eb bashk\u00ebpunim me t\u00eb cilin zhvillohen takime rajonale ku shk\u00ebmbehen eksperienca dhe ide p\u00ebr kund\u00ebrshtimin e vendimarrjeve q\u00eb d\u00ebmtojne mjediset lumore;<\/li>\n\n\n\n<li>Aleanca Kunder Importit t\u00eb Plehrave.<\/li>\n<\/ol>\n\n\n\n<p>Res Publica \u00ebsht\u00eb partnere me:<\/p>\n\n\n\n<ol>\n<li>Organizat\u00ebn Nd\u00ebrkombetare t\u00eb mir\u00ebnjohur p\u00ebr mbrojtjen e t\u00eb drejtave n\u00eb procesin penal, &#8220;Fair Trails International&#8221;;&nbsp;&nbsp;&nbsp;&nbsp;&nbsp;<\/li>\n\n\n\n<li>Eco Albania, AOS p\u00ebr mbrojtjen e Zonave t\u00eb Mbrojtura, q\u00eb synojn\u00eb mbrojtjen dhe mir\u00ebqeverisjes s\u00eb Zonave t\u00eb Mbrojtura Natyrore n\u00eb Shqip\u00ebri, duke synuar ruajtjen e integritetit territorial dhe ekologjik t\u00eb tyre;<\/li>\n\n\n\n<li>Ministrin\u00eb e Drejt\u00ebsis\u00eb, ku ka ndihmuar n\u00eb miratimin e disa akteve ligjore dhe n\u00ebnligjore, si p.sh. ligji dhe aktet n\u00ebnligjore p\u00ebr ndihm\u00ebn juridike, amendimet e ligjit p\u00ebr t\u00eb drejt\u00ebn e informimit, pjesmarrje n\u00eb grupin e pun\u00ebs s\u00eb hartimit t\u00eb Kodit t\u00eb ri Penal.<\/li>\n<\/ol>\n\n\n\n<p>Gjithashtu organizata \u00ebsht\u00eb pjes\u00eb e Komitetit Strategjik n\u00eb Ministrin\u00eb e Drejt\u00ebsis\u00eb dhe pjes\u00eb e disa grupeve pune t\u00eb ngritura nga kjo Ministri, si p.sh. p\u00ebr draftimin e ligjit dhe akteve n\u00ebnligjore n\u00eb zbatim t\u00eb ligjit p\u00ebr ndihm\u00ebn juridike, etj, t\u00eb cilat kan\u00eb rezultuar produktive.<\/p>\n\n\n\n<p>Res Publica bashk\u00ebpunon me:&nbsp;&nbsp;&nbsp;<\/p>\n\n\n\n<ol>\n<li>Shkoll\u00ebn e Magjistratur\u00ebs (2022) p\u00ebr t\u00eb zhvilluar trajnimin e student\u00ebve t\u00eb saj dhe trajnimin vazhdues t\u00eb gjyqtar\u00ebve, n\u00eb tem\u00ebn e t\u00eb drejtave mjedisore. Nga ky trajnim u trajnuan 25 student\u00eb (gjyqtar\u00eb dhe prokuror\u00eb t\u00eb ardhsh\u00ebm) dhe 15 gjyqtar\u00eb dhe prokuror\u00eb n\u00eb detyr\u00eb. Impakti i k\u00ebtij trajnimi \u00ebsht\u00eb i menjehersh\u00ebm duke konsideruar se nj\u00eb pjes\u00eb e t\u00eb trajnuarve jan\u00eb pjes\u00eb e trupave t\u00eb sotme dhe t\u00eb ardhme gjyq\u00ebsore q\u00eb gjykojn\u00eb mbi \u00e7\u00ebshtje me objekt mbrojtje t\u00eb t\u00eb drejtave mjedisore.&nbsp;&nbsp;&nbsp;&nbsp;&nbsp;&nbsp;&nbsp;&nbsp;&nbsp;&nbsp;&nbsp;&nbsp;&nbsp;&nbsp;&nbsp;&nbsp;&nbsp;&nbsp;&nbsp;&nbsp;&nbsp;&nbsp;&nbsp;&nbsp;&nbsp;&nbsp;&nbsp;<\/li>\n<\/ol>\n\n\n\n<ul>\n<li>Universitetin Polis, Fakultetet e Shkencave t\u00eb Natyr\u00ebs &#8211; Elbasan, Shkod\u00ebr, Tiran\u00eb; Universitetin Bujq\u00ebsor, (2022-2023), Universitetin &#8220;Marlin Barleti&#8221; lidhur me takime informuese p\u00ebr rishikimin e hartave t\u00eb zonave t\u00eb mbrojtura. N\u00eb k\u00ebto takime kan\u00eb marr\u00eb pjes\u00eb mbi 50 student\u00eb dhe pedagog\u00eb, t\u00eb cil\u00ebt jan\u00eb njohur dhe nd\u00ebrgjegj\u00ebsuar p\u00ebr d\u00ebmet q\u00eb do t\u00eb sjelli procesi i ndryshimit t\u00eb kufijve t\u00eb zonave t\u00eb mbrojtura n\u00eb biodiversitet.&nbsp;&nbsp;&nbsp;&nbsp;&nbsp;&nbsp;&nbsp;&nbsp;&nbsp;&nbsp;&nbsp;&nbsp;&nbsp;&nbsp;&nbsp;&nbsp;&nbsp;&nbsp;&nbsp;&nbsp;&nbsp;&nbsp;&nbsp;&nbsp;&nbsp;&nbsp;&nbsp;&nbsp;&nbsp;&nbsp;&nbsp;&nbsp;&nbsp;&nbsp;&nbsp;&nbsp;&nbsp;&nbsp;&nbsp;&nbsp;&nbsp;&nbsp;&nbsp;&nbsp;&nbsp;&nbsp;&nbsp;&nbsp;&nbsp;&nbsp;&nbsp;&nbsp;&nbsp;&nbsp;&nbsp;<\/li>\n<\/ul>\n\n\n\n<ul>\n<li>Universitetin e Tiran\u00ebs (2021-2023), lidhur me zhvillimin dhe rritjen e cil\u00ebsis\u00eb s\u00eb klinik\u00ebs s\u00eb ligjit, Fakultetin e Drejt\u00ebsis\u00eb, UT, me pjes\u00ebmarrjen e 25 student\u00ebve, pedagog\u00ebve dhe organizatave t\u00eb vler\u00ebsuar si me m\u00eb impakt n\u00eb ofrimin e ndihm\u00ebs juridike. Impakti lidhej me frymezimin q\u00eb p\u00ebrcjell te brezi i student\u00ebve, an\u00ebtar\u00eb t\u00eb klinik\u00ebs s\u00eb ligjit shembulli i ndjekur nga organizata jon\u00eb.<\/li>\n<\/ul>\n","protected":false},"excerpt":{"rendered":"<p>Marr\u00ebveshjet e bashk\u00ebpunimit dhe rrjet\u00ebzimet n\u00eb organizata kan\u00eb disa avantazhe q\u00eb p\u00ebrb\u00ebjn\u00eb motivin dhe p\u00ebr t\u00eb cilin kemi par\u00eb rezultate. [&hellip;]<\/p>\n","protected":false},"author":1,"featured_media":0,"parent":0,"menu_order":0,"comment_status":"open","ping_status":"open","template":"","meta":{"site-sidebar-layout":"default","site-content-layout":"","ast-site-content-layout":"","site-content-style":"default","site-sidebar-style":"default","ast-global-header-display":"","ast-banner-title-visibility":"","ast-main-header-display":"","ast-hfb-above-header-display":"","ast-hfb-below-header-display":"","ast-hfb-mobile-header-display":"","site-post-title":"","ast-breadcrumbs-content":"","ast-featured-img":"","footer-sml-layout":"","theme-transparent-header-meta":"","adv-header-id-meta":"","stick-header-meta":"","header-above-stick-meta":"","header-main-stick-meta":"","header-below-stick-meta":"","astra-migrate-meta-layouts":"default","ast-page-background-enabled":"default","ast-page-background-meta":{"desktop":{"background-color":"var(--ast-global-color-4)","background-image":"","background-repeat":"repeat","background-position":"center center","background-size":"auto","background-attachment":"scroll","background-type":"","background-media":"","overlay-type":"","overlay-color":"","overlay-gradient":""},"tablet":{"background-color":"","background-image":"","background-repeat":"repeat","background-position":"center center","background-size":"auto","background-attachment":"scroll","background-type":"","background-media":"","overlay-type":"","overlay-color":"","overlay-gradient":""},"mobile":{"background-color":"","background-image":"","background-repeat":"repeat","background-position":"center center","background-size":"auto","background-attachment":"scroll","background-type":"","background-media":"","overlay-type":"","overlay-color":"","overlay-gradient":""}},"ast-content-background-meta":{"desktop":{"background-color":"var(--ast-global-color-5)","background-image":"","background-repeat":"repeat","background-position":"center center","background-size":"auto","background-attachment":"scroll","background-type":"","background-media":"","overlay-type":"","overlay-color":"","overlay-gradient":""},"tablet":{"background-color":"var(--ast-global-color-5)","background-image":"","background-repeat":"repeat","background-position":"center center","background-size":"auto","background-attachment":"scroll","background-type":"","background-media":"","overlay-type":"","overlay-color":"","overlay-gradient":""},"mobile":{"background-color":"var(--ast-global-color-5)","background-image":"","background-repeat":"repeat","background-position":"center center","background-size":"auto","background-attachment":"scroll","background-type":"","background-media":"","overlay-type":"","overlay-color":"","overlay-gradient":""}},"footnotes":""},"_links":{"self":[{"href":"https:\/\/www.respublica.org.al\/web\/index.php?rest_route=\/wp\/v2\/pages\/111"}],"collection":[{"href":"https:\/\/www.respublica.org.al\/web\/index.php?rest_route=\/wp\/v2\/pages"}],"about":[{"href":"https:\/\/www.respublica.org.al\/web\/index.php?rest_route=\/wp\/v2\/types\/page"}],"author":[{"embeddable":true,"href":"https:\/\/www.respublica.org.al\/web\/index.php?rest_route=\/wp\/v2\/users\/1"}],"replies":[{"embeddable":true,"href":"https:\/\/www.respublica.org.al\/web\/index.php?rest_route=%2Fwp%2Fv2%2Fcomments&post=111"}],"version-history":[{"count":5,"href":"https:\/\/www.respublica.org.al\/web\/index.php?rest_route=\/wp\/v2\/pages\/111\/revisions"}],"predecessor-version":[{"id":2928,"href":"https:\/\/www.respublica.org.al\/web\/index.php?rest_route=\/wp\/v2\/pages\/111\/revisions\/2928"}],"wp:attachment":[{"href":"https:\/\/www.respublica.org.al\/web\/index.php?rest_route=%2Fwp%2Fv2%2Fmedia&parent=111"}],"curies":[{"name":"wp","href":"https:\/\/api.w.org\/{rel}","templated":true}]}}