{"id":113,"date":"2013-07-12T22:02:20","date_gmt":"2013-07-12T22:02:20","guid":{"rendered":"http:\/\/www.faqeinternet.al\/res\/?page_id=113"},"modified":"2023-11-13T19:47:20","modified_gmt":"2023-11-13T18:47:20","slug":"donatoret","status":"publish","type":"page","link":"https:\/\/www.respublica.org.al\/web\/?page_id=113","title":{"rendered":"Donator\u00ebt"},"content":{"rendered":"\n<p>Tabela e m\u00ebposhtme paraqet financimin e qendr\u00ebs &#8220;Res Publica&#8221; nd\u00ebr vite, bazuar n\u00eb grantet e dh\u00ebna n\u00eb \u00e7do vit, pavar\u00ebsisht nga koh\u00ebzgjatja e projektit(eve).<\/p>\n\n\n\n<figure class=\"wp-block-image aligncenter size-full\"><a href=\"https:\/\/www.respublica.org.al\/wp-content\/uploads\/2023\/11\/res.png\"><img fetchpriority=\"high\" decoding=\"async\" width=\"700\" height=\"384\" src=\"https:\/\/www.respublica.org.al\/wp-content\/uploads\/2023\/11\/res.png\" alt=\"\" class=\"wp-image-2807\" srcset=\"https:\/\/www.respublica.org.al\/web\/wp-content\/uploads\/2023\/11\/res.png 700w, https:\/\/www.respublica.org.al\/web\/wp-content\/uploads\/2023\/11\/res-300x165.png 300w\" sizes=\"(max-width: 700px) 100vw, 700px\" \/><\/a><\/figure>\n\n\n\n<div style=\"height:82px\" aria-hidden=\"true\" class=\"wp-block-spacer\"><\/div>\n\n\n\n<p class=\"has-text-align-center has-large-font-size\"><strong>Donator\u00ebt<\/strong><\/p>\n\n\n\n<figure class=\"wp-block-image aligncenter size-large is-resized\"><a href=\"https:\/\/www.ned.org\/\"><img decoding=\"async\" src=\"https:\/\/www.respublica.org.al\/wp-content\/uploads\/2023\/09\/Logo-NED-1024x267.jpg\" alt=\"\" class=\"wp-image-2660\" width=\"674\" height=\"176\" srcset=\"https:\/\/www.respublica.org.al\/web\/wp-content\/uploads\/2023\/09\/Logo-NED-1024x267.jpg 1024w, https:\/\/www.respublica.org.al\/web\/wp-content\/uploads\/2023\/09\/Logo-NED-300x78.jpg 300w, https:\/\/www.respublica.org.al\/web\/wp-content\/uploads\/2023\/09\/Logo-NED-768x200.jpg 768w, https:\/\/www.respublica.org.al\/web\/wp-content\/uploads\/2023\/09\/Logo-NED-750x196.jpg 750w, https:\/\/www.respublica.org.al\/web\/wp-content\/uploads\/2023\/09\/Logo-NED-1140x297.jpg 1140w, https:\/\/www.respublica.org.al\/web\/wp-content\/uploads\/2023\/09\/Logo-NED.jpg 1280w\" sizes=\"(max-width: 674px) 100vw, 674px\" \/><\/a><\/figure>\n\n\n\n<div style=\"height:38px\" aria-hidden=\"true\" class=\"wp-block-spacer\"><\/div>\n\n\n\n<hr class=\"wp-block-separator has-alpha-channel-opacity\"\/>\n\n\n\n<div style=\"height:49px\" aria-hidden=\"true\" class=\"wp-block-spacer\"><\/div>\n\n\n\n<figure class=\"wp-block-image aligncenter size-full is-resized\"><a href=\"https:\/\/www.osfa.al\/\"><img decoding=\"async\" src=\"https:\/\/www.respublica.org.al\/wp-content\/uploads\/2023\/09\/soros.png\" alt=\"\" class=\"wp-image-2657\" width=\"474\" height=\"255\" srcset=\"https:\/\/www.respublica.org.al\/web\/wp-content\/uploads\/2023\/09\/soros.png 540w, https:\/\/www.respublica.org.al\/web\/wp-content\/uploads\/2023\/09\/soros-300x161.png 300w\" sizes=\"(max-width: 474px) 100vw, 474px\" \/><\/a><\/figure>\n\n\n\n<div style=\"height:44px\" aria-hidden=\"true\" class=\"wp-block-spacer\"><\/div>\n\n\n\n<hr class=\"wp-block-separator has-alpha-channel-opacity\"\/>\n\n\n\n<div style=\"height:48px\" aria-hidden=\"true\" class=\"wp-block-spacer\"><\/div>\n\n\n\n<figure class=\"wp-block-image aligncenter size-full is-resized\"><a href=\"https:\/\/crd.org\/\"><img loading=\"lazy\" decoding=\"async\" src=\"https:\/\/www.respublica.org.al\/wp-content\/uploads\/2023\/09\/CRD_logo_bl.png\" alt=\"\" class=\"wp-image-2659\" width=\"486\" height=\"193\" srcset=\"https:\/\/www.respublica.org.al\/web\/wp-content\/uploads\/2023\/09\/CRD_logo_bl.png 1000w, https:\/\/www.respublica.org.al\/web\/wp-content\/uploads\/2023\/09\/CRD_logo_bl-300x119.png 300w, https:\/\/www.respublica.org.al\/web\/wp-content\/uploads\/2023\/09\/CRD_logo_bl-768x306.png 768w, https:\/\/www.respublica.org.al\/web\/wp-content\/uploads\/2023\/09\/CRD_logo_bl-750x299.png 750w\" sizes=\"(max-width: 486px) 100vw, 486px\" \/><\/a><\/figure>\n\n\n\n<div style=\"height:52px\" aria-hidden=\"true\" class=\"wp-block-spacer\"><\/div>\n\n\n\n<hr class=\"wp-block-separator has-alpha-channel-opacity\"\/>\n\n\n\n<div style=\"height:49px\" aria-hidden=\"true\" class=\"wp-block-spacer\"><\/div>\n\n\n\n<figure class=\"wp-block-image aligncenter size-full is-resized\"><a href=\"https:\/\/ecas.org\/\"><img loading=\"lazy\" decoding=\"async\" src=\"https:\/\/www.respublica.org.al\/wp-content\/uploads\/2023\/09\/ecas-logo.png\" alt=\"\" class=\"wp-image-2658\" width=\"476\" height=\"357\" srcset=\"https:\/\/www.respublica.org.al\/web\/wp-content\/uploads\/2023\/09\/ecas-logo.png 400w, https:\/\/www.respublica.org.al\/web\/wp-content\/uploads\/2023\/09\/ecas-logo-300x225.png 300w\" sizes=\"(max-width: 476px) 100vw, 476px\" \/><\/a><\/figure>\n","protected":false},"excerpt":{"rendered":"<p>Tabela e m\u00ebposhtme paraqet financimin e qendr\u00ebs &#8220;Res Publica&#8221; nd\u00ebr vite, bazuar n\u00eb grantet e dh\u00ebna n\u00eb \u00e7do vit, pavar\u00ebsisht [&hellip;]<\/p>\n","protected":false},"author":1,"featured_media":0,"parent":0,"menu_order":0,"comment_status":"open","ping_status":"open","template":"","meta":{"site-sidebar-layout":"default","site-content-layout":"","ast-site-content-layout":"","site-content-style":"default","site-sidebar-style":"default","ast-global-header-display":"","ast-banner-title-visibility":"","ast-main-header-display":"","ast-hfb-above-header-display":"","ast-hfb-below-header-display":"","ast-hfb-mobile-header-display":"","site-post-title":"","ast-breadcrumbs-content":"","ast-featured-img":"","footer-sml-layout":"","theme-transparent-header-meta":"","adv-header-id-meta":"","stick-header-meta":"","header-above-stick-meta":"","header-main-stick-meta":"","header-below-stick-meta":"","astra-migrate-meta-layouts":"default","ast-page-background-enabled":"default","ast-page-background-meta":{"desktop":{"background-color":"var(--ast-global-color-4)","background-image":"","background-repeat":"repeat","background-position":"center center","background-size":"auto","background-attachment":"scroll","background-type":"","background-media":"","overlay-type":"","overlay-color":"","overlay-gradient":""},"tablet":{"background-color":"","background-image":"","background-repeat":"repeat","background-position":"center center","background-size":"auto","background-attachment":"scroll","background-type":"","background-media":"","overlay-type":"","overlay-color":"","overlay-gradient":""},"mobile":{"background-color":"","background-image":"","background-repeat":"repeat","background-position":"center center","background-size":"auto","background-attachment":"scroll","background-type":"","background-media":"","overlay-type":"","overlay-color":"","overlay-gradient":""}},"ast-content-background-meta":{"desktop":{"background-color":"var(--ast-global-color-5)","background-image":"","background-repeat":"repeat","background-position":"center center","background-size":"auto","background-attachment":"scroll","background-type":"","background-media":"","overlay-type":"","overlay-color":"","overlay-gradient":""},"tablet":{"background-color":"var(--ast-global-color-5)","background-image":"","background-repeat":"repeat","background-position":"center center","background-size":"auto","background-attachment":"scroll","background-type":"","background-media":"","overlay-type":"","overlay-color":"","overlay-gradient":""},"mobile":{"background-color":"var(--ast-global-color-5)","background-image":"","background-repeat":"repeat","background-position":"center center","background-size":"auto","background-attachment":"scroll","background-type":"","background-media":"","overlay-type":"","overlay-color":"","overlay-gradient":""}},"footnotes":""},"_links":{"self":[{"href":"https:\/\/www.respublica.org.al\/web\/index.php?rest_route=\/wp\/v2\/pages\/113"}],"collection":[{"href":"https:\/\/www.respublica.org.al\/web\/index.php?rest_route=\/wp\/v2\/pages"}],"about":[{"href":"https:\/\/www.respublica.org.al\/web\/index.php?rest_route=\/wp\/v2\/types\/page"}],"author":[{"embeddable":true,"href":"https:\/\/www.respublica.org.al\/web\/index.php?rest_route=\/wp\/v2\/users\/1"}],"replies":[{"embeddable":true,"href":"https:\/\/www.respublica.org.al\/web\/index.php?rest_route=%2Fwp%2Fv2%2Fcomments&post=113"}],"version-history":[{"count":10,"href":"https:\/\/www.respublica.org.al\/web\/index.php?rest_route=\/wp\/v2\/pages\/113\/revisions"}],"predecessor-version":[{"id":2811,"href":"https:\/\/www.respublica.org.al\/web\/index.php?rest_route=\/wp\/v2\/pages\/113\/revisions\/2811"}],"wp:attachment":[{"href":"https:\/\/www.respublica.org.al\/web\/index.php?rest_route=%2Fwp%2Fv2%2Fmedia&parent=113"}],"curies":[{"name":"wp","href":"https:\/\/api.w.org\/{rel}","templated":true}]}}