{"id":115,"date":"2013-07-12T22:03:38","date_gmt":"2013-07-12T22:03:38","guid":{"rendered":"http:\/\/www.faqeinternet.al\/res\/?page_id=115"},"modified":"2023-09-22T18:20:41","modified_gmt":"2023-09-22T16:20:41","slug":"aplikimi-online","status":"publish","type":"page","link":"https:\/\/www.respublica.org.al\/web\/?page_id=115","title":{"rendered":"Internship"},"content":{"rendered":"\n<p>Qendra &#8220;Res Publica&#8221; ofron programin e Internshipit p\u00ebr jurist\u00eb dhe\/ose avokat\u00eb t\u00eb rinj.<\/p>\n\n\n\n<p><strong>Mund t\u00eb aplikojn\u00eb:<\/strong><\/p>\n\n\n\n<ol>\n<li>Student\u00ebt q\u00eb ndjekin apo kan\u00eb p\u00ebrfunduar masterin n\u00eb Fakultetin e Drejt\u00ebsis\u00eb.<\/li>\n\n\n\n<li>Student\u00ebt q\u00eb ndjekin ose kan\u00eb p\u00ebrfunduar Shkoll\u00ebn e Avokatis\u00eb kan\u00eb avantazh.<\/li>\n<\/ol>\n\n\n\n<p><strong>Detyrat kryesore:<\/strong><\/p>\n\n\n\n<ol>\n<li>T\u00eb asistoj\u00eb avokat\u00ebt n\u00eb proceduarat gjyq\u00ebsore;<\/li>\n\n\n\n<li>T\u00eb p\u00ebrpiloj\u00eb k\u00ebrkesa t\u00eb thjeshta ligjore p\u00ebr klient\u00ebt n\u00ebn mbik\u00ebqyrjen e avokatit;<\/li>\n\n\n\n<li>T\u00eb angazhohet n\u00eb monitorime t\u00eb ndryshme p\u00ebr respektimin e t\u00eb drejtave dhe lirive t\u00eb njeriut;<\/li>\n\n\n\n<li>T\u00eb angazhohet me detyra t\u00eb natyr\u00ebs administrative;<\/li>\n\n\n\n<li>T\u00eb asistoj\u00eb n\u00eb p\u00ebrgatitjen e materialeve, raporteve k\u00ebrkimore, shkrimeve, etj.;<\/li>\n\n\n\n<li>T\u00eb mb\u00ebshtes\u00eb stafin n\u00eb realizimin e aktiviteteve q\u00eb zbaton organizata.<\/li>\n<\/ol>\n\n\n\n<p><strong>Dokumentet:<\/strong><\/p>\n\n\n\n<ol>\n<li>Let\u00ebr motivimi.<\/li>\n<\/ol>\n\n\n\n<p><strong>Koh\u00ebzgjatja:<\/strong><\/p>\n\n\n\n<p>3 muaj, pa pages\u00eb, por me mund\u00ebsi t\u00eb lidhjes s\u00eb nj\u00eb kontrate 1 vje\u00e7are.<\/p>\n","protected":false},"excerpt":{"rendered":"<p>Qendra &#8220;Res Publica&#8221; ofron programin e Internshipit p\u00ebr jurist\u00eb dhe\/ose avokat\u00eb t\u00eb rinj. Mund t\u00eb aplikojn\u00eb: Detyrat kryesore: Dokumentet: Koh\u00ebzgjatja: [&hellip;]<\/p>\n","protected":false},"author":1,"featured_media":2667,"parent":0,"menu_order":0,"comment_status":"open","ping_status":"open","template":"","meta":{"site-sidebar-layout":"default","site-content-layout":"","ast-site-content-layout":"","site-content-style":"default","site-sidebar-style":"default","ast-global-header-display":"","ast-banner-title-visibility":"","ast-main-header-display":"","ast-hfb-above-header-display":"","ast-hfb-below-header-display":"","ast-hfb-mobile-header-display":"","site-post-title":"","ast-breadcrumbs-content":"","ast-featured-img":"","footer-sml-layout":"","theme-transparent-header-meta":"","adv-header-id-meta":"","stick-header-meta":"","header-above-stick-meta":"","header-main-stick-meta":"","header-below-stick-meta":"","astra-migrate-meta-layouts":"default","ast-page-background-enabled":"default","ast-page-background-meta":{"desktop":{"background-color":"var(--ast-global-color-4)","background-image":"","background-repeat":"repeat","background-position":"center center","background-size":"auto","background-attachment":"scroll","background-type":"","background-media":"","overlay-type":"","overlay-color":"","overlay-gradient":""},"tablet":{"background-color":"","background-image":"","background-repeat":"repeat","background-position":"center center","background-size":"auto","background-attachment":"scroll","background-type":"","background-media":"","overlay-type":"","overlay-color":"","overlay-gradient":""},"mobile":{"background-color":"","background-image":"","background-repeat":"repeat","background-position":"center center","background-size":"auto","background-attachment":"scroll","background-type":"","background-media":"","overlay-type":"","overlay-color":"","overlay-gradient":""}},"ast-content-background-meta":{"desktop":{"background-color":"var(--ast-global-color-5)","background-image":"","background-repeat":"repeat","background-position":"center center","background-size":"auto","background-attachment":"scroll","background-type":"","background-media":"","overlay-type":"","overlay-color":"","overlay-gradient":""},"tablet":{"background-color":"var(--ast-global-color-5)","background-image":"","background-repeat":"repeat","background-position":"center center","background-size":"auto","background-attachment":"scroll","background-type":"","background-media":"","overlay-type":"","overlay-color":"","overlay-gradient":""},"mobile":{"background-color":"var(--ast-global-color-5)","background-image":"","background-repeat":"repeat","background-position":"center center","background-size":"auto","background-attachment":"scroll","background-type":"","background-media":"","overlay-type":"","overlay-color":"","overlay-gradient":""}},"footnotes":""},"_links":{"self":[{"href":"https:\/\/www.respublica.org.al\/web\/index.php?rest_route=\/wp\/v2\/pages\/115"}],"collection":[{"href":"https:\/\/www.respublica.org.al\/web\/index.php?rest_route=\/wp\/v2\/pages"}],"about":[{"href":"https:\/\/www.respublica.org.al\/web\/index.php?rest_route=\/wp\/v2\/types\/page"}],"author":[{"embeddable":true,"href":"https:\/\/www.respublica.org.al\/web\/index.php?rest_route=\/wp\/v2\/users\/1"}],"replies":[{"embeddable":true,"href":"https:\/\/www.respublica.org.al\/web\/index.php?rest_route=%2Fwp%2Fv2%2Fcomments&post=115"}],"version-history":[{"count":6,"href":"https:\/\/www.respublica.org.al\/web\/index.php?rest_route=\/wp\/v2\/pages\/115\/revisions"}],"predecessor-version":[{"id":2671,"href":"https:\/\/www.respublica.org.al\/web\/index.php?rest_route=\/wp\/v2\/pages\/115\/revisions\/2671"}],"wp:featuredmedia":[{"embeddable":true,"href":"https:\/\/www.respublica.org.al\/web\/index.php?rest_route=\/wp\/v2\/media\/2667"}],"wp:attachment":[{"href":"https:\/\/www.respublica.org.al\/web\/index.php?rest_route=%2Fwp%2Fv2%2Fmedia&parent=115"}],"curies":[{"name":"wp","href":"https:\/\/api.w.org\/{rel}","templated":true}]}}