{"id":117,"date":"2013-07-12T22:04:12","date_gmt":"2013-07-12T22:04:12","guid":{"rendered":"http:\/\/www.faqeinternet.al\/res\/?page_id=117"},"modified":"2023-12-12T22:42:25","modified_gmt":"2023-12-12T21:42:25","slug":"keshillimi","status":"publish","type":"page","link":"https:\/\/www.respublica.org.al\/web\/?page_id=117","title":{"rendered":"Mir\u00ebqeverisja"},"content":{"rendered":"<p>N\u00eb Res Publica, ne besojm\u00eb se qeverisja e p\u00ebrgjegjshme dhe transparente \u00ebsht\u00eb thelb\u00ebsore p\u00ebr mbrojtjen e t\u00eb drejtave t\u00eb njeriut. Sh\u00ebrbimet tona n\u00eb k\u00ebt\u00eb fush\u00eb p\u00ebrfshijn\u00eb:<\/p>\n<ul>\n<li><strong>Advokimi dhe litigimi strategjik:<\/strong> Ne punojm\u00eb p\u00ebr t\u00eb ndikuar n\u00eb zhvillimin dhe zbatimin e politikave p\u00ebr t\u00eb promovuar praktikat e qeverisjes s\u00eb mir\u00eb dhe llogaridh\u00ebnien si n\u00eb sektorin publik ashtu edhe n\u00eb at\u00eb privat.<\/li>\n<li><strong>Monitorimi dhe raportimi:<\/strong> Ekipi yn\u00eb monitoron aktivitetet qeveritare dhe organizative, duke raportuar p\u00ebr \u00e7\u00ebshtje q\u00eb lidhen me llogaridh\u00ebnien dhe transparenc\u00ebn.<\/li>\n<li><strong>Ngritja e kapaciteteve:<\/strong> Ne ofrojm\u00eb trajnime dhe burime p\u00ebr konsultimin publik, p\u00ebr t\u00eb fuqizuar individ\u00ebt dhe organizatat q\u00eb t\u00eb avokojn\u00eb p\u00ebr qeverisje t\u00eb mir\u00eb dhe t&#8217;i vendosin institucionet p\u00ebrgjegj\u00ebse p\u00ebrpara llogaridh\u00ebnies.<\/li>\n<\/ul>\n<p>Ne synojm\u00eb t\u00eb kultivojm\u00eb nj\u00eb kultur\u00eb integriteti dhe llogaridh\u00ebnieje n\u00eb t\u00eb gjitha aspektet e shoq\u00ebris\u00eb.<\/p>\n","protected":false},"excerpt":{"rendered":"<p>N\u00eb Res Publica, ne besojm\u00eb se qeverisja e p\u00ebrgjegjshme dhe transparente \u00ebsht\u00eb thelb\u00ebsore p\u00ebr mbrojtjen e t\u00eb drejtave t\u00eb njeriut. [&hellip;]<\/p>\n","protected":false},"author":1,"featured_media":0,"parent":0,"menu_order":0,"comment_status":"open","ping_status":"open","template":"","meta":{"site-sidebar-layout":"default","site-content-layout":"","ast-site-content-layout":"","site-content-style":"default","site-sidebar-style":"default","ast-global-header-display":"","ast-banner-title-visibility":"","ast-main-header-display":"","ast-hfb-above-header-display":"","ast-hfb-below-header-display":"","ast-hfb-mobile-header-display":"","site-post-title":"","ast-breadcrumbs-content":"","ast-featured-img":"","footer-sml-layout":"","theme-transparent-header-meta":"","adv-header-id-meta":"","stick-header-meta":"","header-above-stick-meta":"","header-main-stick-meta":"","header-below-stick-meta":"","astra-migrate-meta-layouts":"default","ast-page-background-enabled":"default","ast-page-background-meta":{"desktop":{"background-color":"var(--ast-global-color-4)","background-image":"","background-repeat":"repeat","background-position":"center center","background-size":"auto","background-attachment":"scroll","background-type":"","background-media":"","overlay-type":"","overlay-color":"","overlay-gradient":""},"tablet":{"background-color":"","background-image":"","background-repeat":"repeat","background-position":"center center","background-size":"auto","background-attachment":"scroll","background-type":"","background-media":"","overlay-type":"","overlay-color":"","overlay-gradient":""},"mobile":{"background-color":"","background-image":"","background-repeat":"repeat","background-position":"center center","background-size":"auto","background-attachment":"scroll","background-type":"","background-media":"","overlay-type":"","overlay-color":"","overlay-gradient":""}},"ast-content-background-meta":{"desktop":{"background-color":"var(--ast-global-color-5)","background-image":"","background-repeat":"repeat","background-position":"center center","background-size":"auto","background-attachment":"scroll","background-type":"","background-media":"","overlay-type":"","overlay-color":"","overlay-gradient":""},"tablet":{"background-color":"var(--ast-global-color-5)","background-image":"","background-repeat":"repeat","background-position":"center center","background-size":"auto","background-attachment":"scroll","background-type":"","background-media":"","overlay-type":"","overlay-color":"","overlay-gradient":""},"mobile":{"background-color":"var(--ast-global-color-5)","background-image":"","background-repeat":"repeat","background-position":"center center","background-size":"auto","background-attachment":"scroll","background-type":"","background-media":"","overlay-type":"","overlay-color":"","overlay-gradient":""}},"footnotes":""},"_links":{"self":[{"href":"https:\/\/www.respublica.org.al\/web\/index.php?rest_route=\/wp\/v2\/pages\/117"}],"collection":[{"href":"https:\/\/www.respublica.org.al\/web\/index.php?rest_route=\/wp\/v2\/pages"}],"about":[{"href":"https:\/\/www.respublica.org.al\/web\/index.php?rest_route=\/wp\/v2\/types\/page"}],"author":[{"embeddable":true,"href":"https:\/\/www.respublica.org.al\/web\/index.php?rest_route=\/wp\/v2\/users\/1"}],"replies":[{"embeddable":true,"href":"https:\/\/www.respublica.org.al\/web\/index.php?rest_route=%2Fwp%2Fv2%2Fcomments&post=117"}],"version-history":[{"count":7,"href":"https:\/\/www.respublica.org.al\/web\/index.php?rest_route=\/wp\/v2\/pages\/117\/revisions"}],"predecessor-version":[{"id":2700,"href":"https:\/\/www.respublica.org.al\/web\/index.php?rest_route=\/wp\/v2\/pages\/117\/revisions\/2700"}],"wp:attachment":[{"href":"https:\/\/www.respublica.org.al\/web\/index.php?rest_route=%2Fwp%2Fv2%2Fmedia&parent=117"}],"curies":[{"name":"wp","href":"https:\/\/api.w.org\/{rel}","templated":true}]}}