{"id":2394,"date":"2023-05-05T18:31:47","date_gmt":"2023-05-05T16:31:47","guid":{"rendered":"https:\/\/www.respublica.org.al\/?page_id=2394"},"modified":"2023-05-06T17:45:55","modified_gmt":"2023-05-06T15:45:55","slug":"stafi","status":"publish","type":"page","link":"https:\/\/www.respublica.org.al\/web\/?page_id=2394","title":{"rendered":"Stafi"},"content":{"rendered":"\n<h1 class=\"wp-block-heading\">Stafi ekzekutiv<\/h1>\n\n\n\n<p><strong>Dorian Matlija \u2013 Drejtor Ekzekutiv<\/strong><\/p>\n\n\n\n<p><em>Edukimi<\/em>:<\/p>\n\n\n\n<ul>\n<li>Diplomuar me titullin Jurist n\u00eb vitin 1999, n\u00eb Fakultetin e Drejt\u00ebsis\u00eb pran\u00eb Universitetit t\u00eb Tiran\u00ebs;<\/li>\n<\/ul>\n\n\n\n<p><em>P\u00ebrvoja profesionale<\/em>:<\/p>\n\n\n\n<ul>\n<li>Drejtorm Ekzekutiv i qendr\u00ebs Res Publica (2013 \u2013 aktualisht)<\/li>\n\n\n\n<li>Zv.Drejtor Ekzekutiv i qendr\u00ebs Res Publica (2010 \u2013 2013)<\/li>\n\n\n\n<li>Avokat, studio ligjore \u201cMatlija\u201d, Tiran\u00eb (2004 \u2013 aktualisht)<\/li>\n\n\n\n<li>Drejtor i Drejtoris\u00eb Juridike n\u00eb Radiotelevizionin Shqiptar (2002-2005)<\/li>\n\n\n\n<li>Jurist n\u00eb Drejtorin\u00eb Juridike n\u00eb Radiotelevizionin Shqiptar (1999-2002)<\/li>\n<\/ul>\n\n\n\n<p><strong>Theodoros Alexandridis \u2013 Partner \u2013 Ekspert i te drejtave te njeriut<\/strong><\/p>\n\n\n\n<p><em>Edukimi<\/em>:<\/p>\n\n\n\n<ul>\n<li>Diplomuar me titullin Master per te Drejtat e Njeriut n\u00eb vitin 2000, n\u00eb Universitetin e Essex, Mbreteria e Bashkuar<\/li>\n<\/ul>\n\n\n\n<p><em>P\u00ebrvoja profesionale<\/em>:<\/p>\n\n\n\n<ul>\n<li>Konsulent ligjor prane Res Publica dhe Greek Helsinki Monitor (2010 \u2013 aktualisht)<\/li>\n\n\n\n<li>Konsulent i jashtem i Greek Helsinki Monitor (2010 \u2013 aktualisht)<\/li>\n\n\n\n<li>Konsulent i jashtem i European Roma Rights Center (2009 \u2013 2010)<\/li>\n\n\n\n<li>Avokat prane European Roma Rights Center (2007 \u2013 2009)<\/li>\n\n\n\n<li>Konsulent ligjor prane Greek Helsinki Monitor (2000 \u2013 2007)<\/li>\n<\/ul>\n\n\n\n<p><strong>Dr. Irena Dule \u2013 Partner \u2013 Eksperte<\/strong><\/p>\n\n\n\n<p><em>Edukimi:<\/em><\/p>\n\n\n\n<ul>\n<li>Mbrojtur titullin \u201cDoktor\u201d n\u00eb Universitetin Europian t\u00eb Tiran\u00ebs n\u00eb vitin 2016<\/li>\n\n\n\n<li>Diplomuar me titullin Jurist n\u00eb vitin 1999, n\u00eb Fakultetin e Drejt\u00ebsis\u00eb pran\u00eb Universitetit t\u00eb Tiran\u00ebs<\/li>\n<\/ul>\n\n\n\n<p><em>P\u00ebrvoja profesionale:<\/em><\/p>\n\n\n\n<ul>\n<li>K\u00ebrkuese shkencore p\u00ebr t\u00eb drejtat e njeriut \/ lektore part time n\u00eb Fakultetin e Drejt\u00ebsis\u00eb n\u00eb Universitetin e Tiran\u00ebs (2014 \u2013 aktualisht)<\/li>\n\n\n\n<li>Avokate \/ lektore part time n\u00eb Fakultetin e Drejt\u00ebsis\u00eb n\u00eb Universitetin \u201cAleksander &nbsp;Moisiu\u201d (2004 \u2013 2013)<\/li>\n\n\n\n<li>Asistente ligjore n\u00eb Kuvendin e Republik\u00ebs s\u00eb Shqip\u00ebris\u00eb (2002 \u2013 2004)<\/li>\n\n\n\n<li>Drejtor i Drejtorise s\u00eb Sh\u00ebrbimeve Njer\u00ebzore pran\u00eb Bashkis\u00eb Tiran\u00eb (2000 \u2013 2001)<\/li>\n\n\n\n<li>Shefe e Sektorit Juridik pran\u00eb Ministris\u00eb s\u00eb Kultur\u00ebs (1999 \u2013 2000)<\/li>\n<\/ul>\n","protected":false},"excerpt":{"rendered":"<p>Stafi ekzekutiv Dorian Matlija \u2013 Drejtor Ekzekutiv Edukimi: P\u00ebrvoja profesionale: Theodoros Alexandridis \u2013 Partner \u2013 Ekspert i te drejtave te [&hellip;]<\/p>\n","protected":false},"author":2,"featured_media":0,"parent":53,"menu_order":-2,"comment_status":"closed","ping_status":"closed","template":"","meta":{"site-sidebar-layout":"default","site-content-layout":"","ast-site-content-layout":"","site-content-style":"default","site-sidebar-style":"default","ast-global-header-display":"","ast-banner-title-visibility":"","ast-main-header-display":"","ast-hfb-above-header-display":"","ast-hfb-below-header-display":"","ast-hfb-mobile-header-display":"","site-post-title":"","ast-breadcrumbs-content":"","ast-featured-img":"","footer-sml-layout":"","theme-transparent-header-meta":"","adv-header-id-meta":"","stick-header-meta":"","header-above-stick-meta":"","header-main-stick-meta":"","header-below-stick-meta":"","astra-migrate-meta-layouts":"default","ast-page-background-enabled":"default","ast-page-background-meta":{"desktop":{"background-color":"var(--ast-global-color-4)","background-image":"","background-repeat":"repeat","background-position":"center center","background-size":"auto","background-attachment":"scroll","background-type":"","background-media":"","overlay-type":"","overlay-color":"","overlay-gradient":""},"tablet":{"background-color":"","background-image":"","background-repeat":"repeat","background-position":"center center","background-size":"auto","background-attachment":"scroll","background-type":"","background-media":"","overlay-type":"","overlay-color":"","overlay-gradient":""},"mobile":{"background-color":"","background-image":"","background-repeat":"repeat","background-position":"center center","background-size":"auto","background-attachment":"scroll","background-type":"","background-media":"","overlay-type":"","overlay-color":"","overlay-gradient":""}},"ast-content-background-meta":{"desktop":{"background-color":"var(--ast-global-color-5)","background-image":"","background-repeat":"repeat","background-position":"center center","background-size":"auto","background-attachment":"scroll","background-type":"","background-media":"","overlay-type":"","overlay-color":"","overlay-gradient":""},"tablet":{"background-color":"var(--ast-global-color-5)","background-image":"","background-repeat":"repeat","background-position":"center center","background-size":"auto","background-attachment":"scroll","background-type":"","background-media":"","overlay-type":"","overlay-color":"","overlay-gradient":""},"mobile":{"background-color":"var(--ast-global-color-5)","background-image":"","background-repeat":"repeat","background-position":"center center","background-size":"auto","background-attachment":"scroll","background-type":"","background-media":"","overlay-type":"","overlay-color":"","overlay-gradient":""}},"footnotes":""},"_links":{"self":[{"href":"https:\/\/www.respublica.org.al\/web\/index.php?rest_route=\/wp\/v2\/pages\/2394"}],"collection":[{"href":"https:\/\/www.respublica.org.al\/web\/index.php?rest_route=\/wp\/v2\/pages"}],"about":[{"href":"https:\/\/www.respublica.org.al\/web\/index.php?rest_route=\/wp\/v2\/types\/page"}],"author":[{"embeddable":true,"href":"https:\/\/www.respublica.org.al\/web\/index.php?rest_route=\/wp\/v2\/users\/2"}],"replies":[{"embeddable":true,"href":"https:\/\/www.respublica.org.al\/web\/index.php?rest_route=%2Fwp%2Fv2%2Fcomments&post=2394"}],"version-history":[{"count":1,"href":"https:\/\/www.respublica.org.al\/web\/index.php?rest_route=\/wp\/v2\/pages\/2394\/revisions"}],"predecessor-version":[{"id":2395,"href":"https:\/\/www.respublica.org.al\/web\/index.php?rest_route=\/wp\/v2\/pages\/2394\/revisions\/2395"}],"up":[{"embeddable":true,"href":"https:\/\/www.respublica.org.al\/web\/index.php?rest_route=\/wp\/v2\/pages\/53"}],"wp:attachment":[{"href":"https:\/\/www.respublica.org.al\/web\/index.php?rest_route=%2Fwp%2Fv2%2Fmedia&parent=2394"}],"curies":[{"name":"wp","href":"https:\/\/api.w.org\/{rel}","templated":true}]}}