{"id":2628,"date":"2023-09-22T15:58:18","date_gmt":"2023-09-22T13:58:18","guid":{"rendered":"https:\/\/www.respublica.org.al\/?page_id=2628"},"modified":"2023-12-12T22:43:19","modified_gmt":"2023-12-12T21:43:19","slug":"mjedisi","status":"publish","type":"page","link":"https:\/\/www.respublica.org.al\/web\/?page_id=2628","title":{"rendered":"Mjedisi"},"content":{"rendered":"\n<p>Res Publica \u00ebsht\u00eb e p\u00ebrkushtuar p\u00ebr mbrojtjen dhe q\u00ebndrueshm\u00ebrin\u00eb e mjedisit. Sh\u00ebrbimet tona n\u00eb k\u00ebt\u00eb fush\u00eb p\u00ebrfshijn\u00eb:<\/p>\n\n\n\n<ul>\n<li><strong>Zhvillimi i politikave:<\/strong> Ne identifikojm\u00eb dhe trajtojm\u00eb \u00e7\u00ebshtjet urgjente mjedisore, dhe bashk\u00ebpunojm\u00eb me ekspert\u00eb p\u00ebr t\u00eb zhvilluar politika efektive.<\/li>\n\n\n\n<li><strong>Mb\u00ebshtetje ligjore:<\/strong> Ne ofrojm\u00eb mb\u00ebshtetje ligjore p\u00ebr \u00e7\u00ebshtje q\u00eb kan\u00eb t\u00eb b\u00ebjn\u00eb me mbrojtjen e mjedisit dhe zhvillimin e q\u00ebdruesh\u00ebm.<\/li>\n\n\n\n<li><strong>Angazhimi i komunitetit:<\/strong> Ne bashk\u00ebpunojm\u00eb organizat<em>a<\/em> t\u00eb ndryshme dhe me komunitetet p\u00ebr nj\u00eb qasjeje t\u00eb integruar drejt nxitjes s\u00eb menaxhimit t\u00eb q\u00ebndruesh\u00ebm t\u00eb zonave t\u00eb mbrojtura.<\/li>\n<\/ul>\n\n\n\n<p>Q\u00ebllimi yn\u00eb \u00ebsht\u00eb t\u00eb kontribuojm\u00eb p\u00ebr nj\u00eb t\u00eb ardhme m\u00eb t\u00eb gjelb\u00ebr dhe t\u00eb q\u00ebndrueshme p\u00ebr t\u00eb gjith\u00eb.<\/p>\n","protected":false},"excerpt":{"rendered":"<p>Res Publica \u00ebsht\u00eb e p\u00ebrkushtuar p\u00ebr mbrojtjen dhe q\u00ebndrueshm\u00ebrin\u00eb e mjedisit. Sh\u00ebrbimet tona n\u00eb k\u00ebt\u00eb fush\u00eb p\u00ebrfshijn\u00eb: Q\u00ebllimi yn\u00eb \u00ebsht\u00eb [&hellip;]<\/p>\n","protected":false},"author":2,"featured_media":0,"parent":0,"menu_order":0,"comment_status":"closed","ping_status":"closed","template":"","meta":{"site-sidebar-layout":"default","site-content-layout":"","ast-site-content-layout":"","site-content-style":"default","site-sidebar-style":"default","ast-global-header-display":"","ast-banner-title-visibility":"","ast-main-header-display":"","ast-hfb-above-header-display":"","ast-hfb-below-header-display":"","ast-hfb-mobile-header-display":"","site-post-title":"","ast-breadcrumbs-content":"","ast-featured-img":"","footer-sml-layout":"","theme-transparent-header-meta":"","adv-header-id-meta":"","stick-header-meta":"","header-above-stick-meta":"","header-main-stick-meta":"","header-below-stick-meta":"","astra-migrate-meta-layouts":"default","ast-page-background-enabled":"default","ast-page-background-meta":{"desktop":{"background-color":"var(--ast-global-color-4)","background-image":"","background-repeat":"repeat","background-position":"center center","background-size":"auto","background-attachment":"scroll","background-type":"","background-media":"","overlay-type":"","overlay-color":"","overlay-gradient":""},"tablet":{"background-color":"","background-image":"","background-repeat":"repeat","background-position":"center center","background-size":"auto","background-attachment":"scroll","background-type":"","background-media":"","overlay-type":"","overlay-color":"","overlay-gradient":""},"mobile":{"background-color":"","background-image":"","background-repeat":"repeat","background-position":"center center","background-size":"auto","background-attachment":"scroll","background-type":"","background-media":"","overlay-type":"","overlay-color":"","overlay-gradient":""}},"ast-content-background-meta":{"desktop":{"background-color":"var(--ast-global-color-5)","background-image":"","background-repeat":"repeat","background-position":"center center","background-size":"auto","background-attachment":"scroll","background-type":"","background-media":"","overlay-type":"","overlay-color":"","overlay-gradient":""},"tablet":{"background-color":"var(--ast-global-color-5)","background-image":"","background-repeat":"repeat","background-position":"center center","background-size":"auto","background-attachment":"scroll","background-type":"","background-media":"","overlay-type":"","overlay-color":"","overlay-gradient":""},"mobile":{"background-color":"var(--ast-global-color-5)","background-image":"","background-repeat":"repeat","background-position":"center center","background-size":"auto","background-attachment":"scroll","background-type":"","background-media":"","overlay-type":"","overlay-color":"","overlay-gradient":""}},"footnotes":""},"_links":{"self":[{"href":"https:\/\/www.respublica.org.al\/web\/index.php?rest_route=\/wp\/v2\/pages\/2628"}],"collection":[{"href":"https:\/\/www.respublica.org.al\/web\/index.php?rest_route=\/wp\/v2\/pages"}],"about":[{"href":"https:\/\/www.respublica.org.al\/web\/index.php?rest_route=\/wp\/v2\/types\/page"}],"author":[{"embeddable":true,"href":"https:\/\/www.respublica.org.al\/web\/index.php?rest_route=\/wp\/v2\/users\/2"}],"replies":[{"embeddable":true,"href":"https:\/\/www.respublica.org.al\/web\/index.php?rest_route=%2Fwp%2Fv2%2Fcomments&post=2628"}],"version-history":[{"count":4,"href":"https:\/\/www.respublica.org.al\/web\/index.php?rest_route=\/wp\/v2\/pages\/2628\/revisions"}],"predecessor-version":[{"id":2647,"href":"https:\/\/www.respublica.org.al\/web\/index.php?rest_route=\/wp\/v2\/pages\/2628\/revisions\/2647"}],"wp:attachment":[{"href":"https:\/\/www.respublica.org.al\/web\/index.php?rest_route=%2Fwp%2Fv2%2Fmedia&parent=2628"}],"curies":[{"name":"wp","href":"https:\/\/api.w.org\/{rel}","templated":true}]}}