{"id":2649,"date":"2023-09-22T17:31:02","date_gmt":"2023-09-22T15:31:02","guid":{"rendered":"https:\/\/www.respublica.org.al\/?page_id=2649"},"modified":"2023-12-12T22:44:53","modified_gmt":"2023-12-12T21:44:53","slug":"transparenca","status":"publish","type":"page","link":"https:\/\/www.respublica.org.al\/web\/?page_id=2649","title":{"rendered":"Transparenca"},"content":{"rendered":"\n<p>Res Publica promovon n\u00eb m\u00ebnyr\u00eb aktive transparenc\u00ebn n\u00eb qeverisje dhe institucione. Sh\u00ebrbimet tona n\u00eb k\u00ebt\u00eb fush\u00eb p\u00ebrfshijn\u00eb:<\/p>\n\n\n\n<ul>\n<li><strong>Vler\u00ebsimet e transparenc\u00ebs:<\/strong> Ne vler\u00ebsojm\u00eb transparenc\u00ebn dhe llogaridh\u00ebnien e organizatave qeveritare dhe joqeveritare, duke ofruar rekomandime.<\/li>\n\n\n\n<li><strong>Iniciativat p\u00ebr aksesin e t\u00eb dh\u00ebnave:<\/strong> Ne punojm\u00eb p\u00ebr t\u00eb siguruar q\u00eb informacioni thelb\u00ebsor publik t\u00eb jet\u00eb i aksesuesh\u00ebm p\u00ebr publikun, duke nxitur transparenc\u00ebn dhe vendimmarrjen e informuar.<\/li>\n\n\n\n<li><strong>K\u00ebrkime shkencore:<\/strong> Ne ofrojm\u00eb k\u00ebrkime shkencore p\u00ebr organizatat dhe individ\u00ebt e interesuar n\u00eb promovimin e transparenc\u00ebs dhe llogaridh\u00ebnies.<\/li>\n<\/ul>\n\n\n\n<p>Q\u00ebllimi yn\u00eb \u00ebsht\u00eb t\u00eb promovojm\u00eb institucione t\u00eb hapura dhe t\u00eb p\u00ebrgjegjshme q\u00eb u sh\u00ebrbejn\u00eb interesave t\u00eb qytetar\u00ebve.<\/p>\n","protected":false},"excerpt":{"rendered":"<p>Res Publica promovon n\u00eb m\u00ebnyr\u00eb aktive transparenc\u00ebn n\u00eb qeverisje dhe institucione. Sh\u00ebrbimet tona n\u00eb k\u00ebt\u00eb fush\u00eb p\u00ebrfshijn\u00eb: Q\u00ebllimi yn\u00eb \u00ebsht\u00eb [&hellip;]<\/p>\n","protected":false},"author":2,"featured_media":0,"parent":0,"menu_order":0,"comment_status":"closed","ping_status":"closed","template":"","meta":{"site-sidebar-layout":"default","site-content-layout":"","ast-site-content-layout":"","site-content-style":"default","site-sidebar-style":"default","ast-global-header-display":"","ast-banner-title-visibility":"","ast-main-header-display":"","ast-hfb-above-header-display":"","ast-hfb-below-header-display":"","ast-hfb-mobile-header-display":"","site-post-title":"","ast-breadcrumbs-content":"","ast-featured-img":"","footer-sml-layout":"","theme-transparent-header-meta":"","adv-header-id-meta":"","stick-header-meta":"","header-above-stick-meta":"","header-main-stick-meta":"","header-below-stick-meta":"","astra-migrate-meta-layouts":"default","ast-page-background-enabled":"default","ast-page-background-meta":{"desktop":{"background-color":"var(--ast-global-color-4)","background-image":"","background-repeat":"repeat","background-position":"center center","background-size":"auto","background-attachment":"scroll","background-type":"","background-media":"","overlay-type":"","overlay-color":"","overlay-gradient":""},"tablet":{"background-color":"","background-image":"","background-repeat":"repeat","background-position":"center center","background-size":"auto","background-attachment":"scroll","background-type":"","background-media":"","overlay-type":"","overlay-color":"","overlay-gradient":""},"mobile":{"background-color":"","background-image":"","background-repeat":"repeat","background-position":"center center","background-size":"auto","background-attachment":"scroll","background-type":"","background-media":"","overlay-type":"","overlay-color":"","overlay-gradient":""}},"ast-content-background-meta":{"desktop":{"background-color":"var(--ast-global-color-5)","background-image":"","background-repeat":"repeat","background-position":"center center","background-size":"auto","background-attachment":"scroll","background-type":"","background-media":"","overlay-type":"","overlay-color":"","overlay-gradient":""},"tablet":{"background-color":"var(--ast-global-color-5)","background-image":"","background-repeat":"repeat","background-position":"center center","background-size":"auto","background-attachment":"scroll","background-type":"","background-media":"","overlay-type":"","overlay-color":"","overlay-gradient":""},"mobile":{"background-color":"var(--ast-global-color-5)","background-image":"","background-repeat":"repeat","background-position":"center center","background-size":"auto","background-attachment":"scroll","background-type":"","background-media":"","overlay-type":"","overlay-color":"","overlay-gradient":""}},"footnotes":""},"_links":{"self":[{"href":"https:\/\/www.respublica.org.al\/web\/index.php?rest_route=\/wp\/v2\/pages\/2649"}],"collection":[{"href":"https:\/\/www.respublica.org.al\/web\/index.php?rest_route=\/wp\/v2\/pages"}],"about":[{"href":"https:\/\/www.respublica.org.al\/web\/index.php?rest_route=\/wp\/v2\/types\/page"}],"author":[{"embeddable":true,"href":"https:\/\/www.respublica.org.al\/web\/index.php?rest_route=\/wp\/v2\/users\/2"}],"replies":[{"embeddable":true,"href":"https:\/\/www.respublica.org.al\/web\/index.php?rest_route=%2Fwp%2Fv2%2Fcomments&post=2649"}],"version-history":[{"count":1,"href":"https:\/\/www.respublica.org.al\/web\/index.php?rest_route=\/wp\/v2\/pages\/2649\/revisions"}],"predecessor-version":[{"id":2650,"href":"https:\/\/www.respublica.org.al\/web\/index.php?rest_route=\/wp\/v2\/pages\/2649\/revisions\/2650"}],"wp:attachment":[{"href":"https:\/\/www.respublica.org.al\/web\/index.php?rest_route=%2Fwp%2Fv2%2Fmedia&parent=2649"}],"curies":[{"name":"wp","href":"https:\/\/api.w.org\/{rel}","templated":true}]}}