{"id":2652,"date":"2023-09-22T17:49:15","date_gmt":"2023-09-22T15:49:15","guid":{"rendered":"https:\/\/www.respublica.org.al\/?page_id=2652"},"modified":"2023-12-12T22:44:13","modified_gmt":"2023-12-12T21:44:13","slug":"strehimi","status":"publish","type":"page","link":"https:\/\/www.respublica.org.al\/web\/?page_id=2652","title":{"rendered":"Strehimi"},"content":{"rendered":"\n<p>Res Publica \u00ebsht\u00eb e p\u00ebrkushtuar p\u00ebr mbrojtjen e t\u00eb drejtave t\u00eb strehimit dhe parandalimin e marrjes s\u00eb statusit si i pastreh\u00eb. Sh\u00ebrbimet tona n\u00eb k\u00ebt\u00eb fush\u00eb p\u00ebrfshijn\u00eb:<\/p>\n\n\n\n<ul>\n<li><strong>Advokimi p\u00ebr t\u00eb drejt\u00ebn e strehimit:<\/strong> Ne advokojm\u00eb p\u00ebr politika dhe iniciativa q\u00eb sigurojn\u00eb qasje n\u00eb strehim t\u00eb sigurt dhe t\u00eb p\u00ebrballuesh\u00ebm p\u00ebr t\u00eb gjith\u00eb, me fokus tek grupet vulnerab\u00ebl.<\/li>\n\n\n\n<li><strong>Mb\u00ebshtetje ligjore p\u00ebr qiramarr\u00ebsit dhe pronar\u00ebt:<\/strong> Ne ofrojm\u00eb mb\u00ebshtetje ligjore dhe k\u00ebshilla p\u00ebr qiramarr\u00ebsit q\u00eb p\u00ebrballen me \u00e7\u00ebshtje t\u00eb lidhura me strehimin, me fokus tek ish-qiramarr\u00ebsit e d\u00ebbuar nga pronat e kthyera pronar\u00ebve, si dhe p\u00ebr pronar\u00ebt t\u00eb cil\u00ebt jan\u00eb viktima t\u00eb d\u00ebbimit apo diskriminimit nga ana e institucioneve shtet\u00ebrore.<\/li>\n\n\n\n<li><strong>Programet p\u00ebr parandalimin e statusit si i pastreh\u00eb:<\/strong> Ne punojm\u00eb n\u00eb programe dhe iniciativa q\u00eb synojn\u00eb t\u00eb parandalojn\u00eb statusin si i pastreh\u00eb dhe ofrojn\u00eb mb\u00ebshtetje p\u00ebr individ\u00ebt n\u00eb rrezik.<\/li>\n\n\n\n<li><strong>Kapacitimi i grupeve t\u00eb interesit:<\/strong> Ne ofrojm\u00eb tajnime t\u00eb avokat\u00ebve p\u00ebr t\u00eb mbrojtur n\u00eb m\u00ebnyr\u00eb efektive t\u00eb drejt\u00ebn e strehimit t\u00eb grupeve vulnerab\u00ebl.<\/li>\n<\/ul>\n","protected":false},"excerpt":{"rendered":"<p>Res Publica \u00ebsht\u00eb e p\u00ebrkushtuar p\u00ebr mbrojtjen e t\u00eb drejtave t\u00eb strehimit dhe parandalimin e marrjes s\u00eb statusit si i [&hellip;]<\/p>\n","protected":false},"author":2,"featured_media":0,"parent":0,"menu_order":0,"comment_status":"closed","ping_status":"closed","template":"","meta":{"site-sidebar-layout":"default","site-content-layout":"","ast-site-content-layout":"","site-content-style":"default","site-sidebar-style":"default","ast-global-header-display":"","ast-banner-title-visibility":"","ast-main-header-display":"","ast-hfb-above-header-display":"","ast-hfb-below-header-display":"","ast-hfb-mobile-header-display":"","site-post-title":"","ast-breadcrumbs-content":"","ast-featured-img":"","footer-sml-layout":"","theme-transparent-header-meta":"","adv-header-id-meta":"","stick-header-meta":"","header-above-stick-meta":"","header-main-stick-meta":"","header-below-stick-meta":"","astra-migrate-meta-layouts":"default","ast-page-background-enabled":"default","ast-page-background-meta":{"desktop":{"background-color":"var(--ast-global-color-4)","background-image":"","background-repeat":"repeat","background-position":"center center","background-size":"auto","background-attachment":"scroll","background-type":"","background-media":"","overlay-type":"","overlay-color":"","overlay-gradient":""},"tablet":{"background-color":"","background-image":"","background-repeat":"repeat","background-position":"center center","background-size":"auto","background-attachment":"scroll","background-type":"","background-media":"","overlay-type":"","overlay-color":"","overlay-gradient":""},"mobile":{"background-color":"","background-image":"","background-repeat":"repeat","background-position":"center center","background-size":"auto","background-attachment":"scroll","background-type":"","background-media":"","overlay-type":"","overlay-color":"","overlay-gradient":""}},"ast-content-background-meta":{"desktop":{"background-color":"var(--ast-global-color-5)","background-image":"","background-repeat":"repeat","background-position":"center center","background-size":"auto","background-attachment":"scroll","background-type":"","background-media":"","overlay-type":"","overlay-color":"","overlay-gradient":""},"tablet":{"background-color":"var(--ast-global-color-5)","background-image":"","background-repeat":"repeat","background-position":"center center","background-size":"auto","background-attachment":"scroll","background-type":"","background-media":"","overlay-type":"","overlay-color":"","overlay-gradient":""},"mobile":{"background-color":"var(--ast-global-color-5)","background-image":"","background-repeat":"repeat","background-position":"center center","background-size":"auto","background-attachment":"scroll","background-type":"","background-media":"","overlay-type":"","overlay-color":"","overlay-gradient":""}},"footnotes":""},"_links":{"self":[{"href":"https:\/\/www.respublica.org.al\/web\/index.php?rest_route=\/wp\/v2\/pages\/2652"}],"collection":[{"href":"https:\/\/www.respublica.org.al\/web\/index.php?rest_route=\/wp\/v2\/pages"}],"about":[{"href":"https:\/\/www.respublica.org.al\/web\/index.php?rest_route=\/wp\/v2\/types\/page"}],"author":[{"embeddable":true,"href":"https:\/\/www.respublica.org.al\/web\/index.php?rest_route=\/wp\/v2\/users\/2"}],"replies":[{"embeddable":true,"href":"https:\/\/www.respublica.org.al\/web\/index.php?rest_route=%2Fwp%2Fv2%2Fcomments&post=2652"}],"version-history":[{"count":2,"href":"https:\/\/www.respublica.org.al\/web\/index.php?rest_route=\/wp\/v2\/pages\/2652\/revisions"}],"predecessor-version":[{"id":2681,"href":"https:\/\/www.respublica.org.al\/web\/index.php?rest_route=\/wp\/v2\/pages\/2652\/revisions\/2681"}],"wp:attachment":[{"href":"https:\/\/www.respublica.org.al\/web\/index.php?rest_route=%2Fwp%2Fv2%2Fmedia&parent=2652"}],"curies":[{"name":"wp","href":"https:\/\/api.w.org\/{rel}","templated":true}]}}