{"id":2801,"date":"2023-11-13T19:34:20","date_gmt":"2023-11-13T18:34:20","guid":{"rendered":"https:\/\/www.respublica.org.al\/?page_id=2801"},"modified":"2023-11-13T19:39:05","modified_gmt":"2023-11-13T18:39:05","slug":"dhuro","status":"publish","type":"page","link":"https:\/\/www.respublica.org.al\/web\/?page_id=2801","title":{"rendered":"Dhuro"},"content":{"rendered":"\n<p>Rrug\u00ebtimi yn\u00eb nuk \u00ebsht\u00eb i mundur pa mb\u00ebshtetjen e individ\u00ebve si ju. Ju ftojm\u00eb t\u00eb b\u00ebheni pjes\u00eb e nismave tona duke dh\u00ebn\u00eb kontributin tuaj. Donacioni juaj mund t\u00eb b\u00ebj\u00eb nj\u00eb ndryshim real n\u00eb mbrojtjen e t\u00eb drejtave t\u00eb njeriut, nxitjen e p\u00ebrgjegj\u00ebsis\u00eb nga ana e pushtetit dhe krijimin e nj\u00eb shoq\u00ebrie ku d\u00ebgjohet z\u00ebri i gjithkujt.<\/p>\n\n\n\n<p>Na kontaktoni p\u00ebr t\u00eb kontribuar n\u00eb \u00e7\u00ebshtjet q\u00eb mb\u00ebshtesim. \u00c7do kontribut, i madh apo i vog\u00ebl, na sjell nj\u00eb hap m\u00eb pran\u00eb nd\u00ebrtimit t\u00eb nj\u00eb shoq\u00ebrie ndryshe, m\u00eb tolerante, e bazuar n\u00eb sundimin e s\u00eb drejt\u00ebs dhe respektimin e t\u00eb drejtave t\u00eb njeriut, nj\u00eb shoq\u00ebri ku qeveria \u00ebsht\u00eb plot\u00ebsisht llogaridh\u00ebn\u00ebse ndaj popullit. S\u00eb bashku, le t\u00eb formojm\u00eb nj\u00eb t\u00eb ardhme ku mbizot\u00ebron drejt\u00ebsia, barazia dhe dinjiteti njer\u00ebzor.<\/p>\n","protected":false},"excerpt":{"rendered":"<p>Rrug\u00ebtimi yn\u00eb nuk \u00ebsht\u00eb i mundur pa mb\u00ebshtetjen e individ\u00ebve si ju. Ju ftojm\u00eb t\u00eb b\u00ebheni pjes\u00eb e nismave tona [&hellip;]<\/p>\n","protected":false},"author":2,"featured_media":0,"parent":0,"menu_order":0,"comment_status":"closed","ping_status":"closed","template":"","meta":{"site-sidebar-layout":"default","site-content-layout":"","ast-site-content-layout":"","site-content-style":"default","site-sidebar-style":"default","ast-global-header-display":"","ast-banner-title-visibility":"","ast-main-header-display":"","ast-hfb-above-header-display":"","ast-hfb-below-header-display":"","ast-hfb-mobile-header-display":"","site-post-title":"","ast-breadcrumbs-content":"","ast-featured-img":"","footer-sml-layout":"","theme-transparent-header-meta":"","adv-header-id-meta":"","stick-header-meta":"","header-above-stick-meta":"","header-main-stick-meta":"","header-below-stick-meta":"","astra-migrate-meta-layouts":"default","ast-page-background-enabled":"default","ast-page-background-meta":{"desktop":{"background-color":"var(--ast-global-color-4)","background-image":"","background-repeat":"repeat","background-position":"center center","background-size":"auto","background-attachment":"scroll","background-type":"","background-media":"","overlay-type":"","overlay-color":"","overlay-gradient":""},"tablet":{"background-color":"","background-image":"","background-repeat":"repeat","background-position":"center center","background-size":"auto","background-attachment":"scroll","background-type":"","background-media":"","overlay-type":"","overlay-color":"","overlay-gradient":""},"mobile":{"background-color":"","background-image":"","background-repeat":"repeat","background-position":"center center","background-size":"auto","background-attachment":"scroll","background-type":"","background-media":"","overlay-type":"","overlay-color":"","overlay-gradient":""}},"ast-content-background-meta":{"desktop":{"background-color":"var(--ast-global-color-5)","background-image":"","background-repeat":"repeat","background-position":"center center","background-size":"auto","background-attachment":"scroll","background-type":"","background-media":"","overlay-type":"","overlay-color":"","overlay-gradient":""},"tablet":{"background-color":"var(--ast-global-color-5)","background-image":"","background-repeat":"repeat","background-position":"center center","background-size":"auto","background-attachment":"scroll","background-type":"","background-media":"","overlay-type":"","overlay-color":"","overlay-gradient":""},"mobile":{"background-color":"var(--ast-global-color-5)","background-image":"","background-repeat":"repeat","background-position":"center center","background-size":"auto","background-attachment":"scroll","background-type":"","background-media":"","overlay-type":"","overlay-color":"","overlay-gradient":""}},"footnotes":""},"_links":{"self":[{"href":"https:\/\/www.respublica.org.al\/web\/index.php?rest_route=\/wp\/v2\/pages\/2801"}],"collection":[{"href":"https:\/\/www.respublica.org.al\/web\/index.php?rest_route=\/wp\/v2\/pages"}],"about":[{"href":"https:\/\/www.respublica.org.al\/web\/index.php?rest_route=\/wp\/v2\/types\/page"}],"author":[{"embeddable":true,"href":"https:\/\/www.respublica.org.al\/web\/index.php?rest_route=\/wp\/v2\/users\/2"}],"replies":[{"embeddable":true,"href":"https:\/\/www.respublica.org.al\/web\/index.php?rest_route=%2Fwp%2Fv2%2Fcomments&post=2801"}],"version-history":[{"count":3,"href":"https:\/\/www.respublica.org.al\/web\/index.php?rest_route=\/wp\/v2\/pages\/2801\/revisions"}],"predecessor-version":[{"id":2806,"href":"https:\/\/www.respublica.org.al\/web\/index.php?rest_route=\/wp\/v2\/pages\/2801\/revisions\/2806"}],"wp:attachment":[{"href":"https:\/\/www.respublica.org.al\/web\/index.php?rest_route=%2Fwp%2Fv2%2Fmedia&parent=2801"}],"curies":[{"name":"wp","href":"https:\/\/api.w.org\/{rel}","templated":true}]}}